{"id":4228,"date":"2021-02-01T18:59:49","date_gmt":"2021-02-01T18:59:49","guid":{"rendered":"https:\/\/www.autosvalls.com\/?page_id=4228"},"modified":"2026-02-24T18:31:09","modified_gmt":"2026-02-24T17:31:09","slug":"trabajo-con-nosotros-menorca","status":"publish","type":"page","link":"https:\/\/www.autosvalls.com\/pt\/trabajo-con-nosotros-menorca\/","title":{"rendered":"Trabajo con nosotros Menorca"},"content":{"rendered":"<div class=\"wpb-content-wrapper\">[vc_row][vc_column][vc_column_text css=&#8221;&#8221;][vc_row][vc_column width=&#8221;1\/1&#8243;][vc_column_text]\n<h1>Recrutamento em Menorca<\/h1>\n<strong>Autos Valls Menorca recruta pessoal para os seguintes postos de trabalho em rent-a-car (Menorca), para a temporada de 2026.<\/strong>\r\n\n&nbsp;\r\n\n&#8211; Rececionistas de Rent-a-Car para o Aeroporto e escrit\u00f3rios nas zonas balneares de Menorca.\r\n\n<span style=\"color: #000080;\"><b style=\"color: #000080;\">Indispens\u00e1vel:<\/b><\/span>\n<ul>\n \t<li><span style=\"color: #000080;\">Ingl\u00eas de n\u00edvel avan\u00e7ado com conversa\u00e7\u00e3o fluente; outros idiomas ser\u00e3o valorizados.<\/span><\/li>\n \t<li><span style=\"color: #000080;\">Titular de carta de condu\u00e7\u00e3o de categorias A1 e B.<\/span><\/li>\n<\/ul>\n&nbsp;\r\n\n&#8211; Pessoal de limpeza e manuten\u00e7\u00e3o, condutor de shuttle\/minibus.\r\n\n<span style=\"color: #000080;\"><b style=\"color: #000080;\">Indispens\u00e1vel:<\/b><\/span>\n<ul>\n \t<li><span style=\"color: #000080;\">Titular de carta de condu\u00e7\u00e3o de categorias A1 e B.<\/span><\/li>\n<\/ul>\n&nbsp;\n<p style=\"text-align: left;\"><em>*Possibilidade de trabalho a tempo parcial (meio per\u00edodo).<\/em><\/p>\n\n&nbsp;\r\n\n<strong>O que oferecemos?<\/strong>\n<ul>\n \t<li>Vagas a tempo inteiro.<\/li>\n \t<li>Sal\u00e1rio fixo.<\/li>\n \t<li>Forma\u00e7\u00e3o cont\u00ednua.<\/li>\n \t<li>Possibilidade de progress\u00e3o na carreira.<\/li>\n \t<li>At\u00e9 9 meses de trabalho.<\/li>\n<\/ul>\n<strong>Se acredita que o seu perfil \u00e9 adequado e gostaria de fazer parte da nossa equipa,<\/strong>\r\n\ncandidate-se a esta oferta!\r\n\n<span style=\"color: #000000;\">Interessados\/as devem enviar o curr\u00edculo (CV) para:<\/span>\r\n\n<span style=\"color: #000000;\"><em>recursoshumanos @ autosvalls . com<\/em><\/span>[\/vc_column_text][\/vc_column][\/vc_row][vc_row][vc_column][vc_column_text][\/vc_column_text][\/vc_column][\/vc_row][vc_row][vc_column][\/vc_column][\/vc_row]<\/div>","protected":false},"excerpt":{"rendered":"[vc_row][vc_column][vc_column_text css=&#8221;&#8221;][vc_row][vc_column width=&#8221;1\/1&#8243;][vc_column_text] Recrutamento em Menorca Autos Valls Menorca recruta pessoal para os seguintes postos de trabalho em rent-a-car (Menorca), para a temporada de 2026. &nbsp; &#8211; Rececionistas de Rent-a-Car para o Aeroporto e escrit\u00f3rios nas zonas balneares de Menorca. Indispens\u00e1vel: Ingl\u00eas de n\u00edvel avan\u00e7ado com conversa\u00e7\u00e3o fluente; outros idiomas ser\u00e3o valorizados. Titular de carta [&hellip;]","protected":false},"author":1,"featured_media":5077,"parent":0,"menu_order":0,"comment_status":"closed","ping_status":"closed","template":"","meta":{"footnotes":""},"class_list":["post-4228","page","type-page","status-publish","has-post-thumbnail","hentry"],"_links":{"self":[{"href":"https:\/\/www.autosvalls.com\/pt\/wp-json\/wp\/v2\/pages\/4228","targetHints":{"allow":["GET"]}}],"collection":[{"href":"https:\/\/www.autosvalls.com\/pt\/wp-json\/wp\/v2\/pages"}],"about":[{"href":"https:\/\/www.autosvalls.com\/pt\/wp-json\/wp\/v2\/types\/page"}],"author":[{"embeddable":true,"href":"https:\/\/www.autosvalls.com\/pt\/wp-json\/wp\/v2\/users\/1"}],"replies":[{"embeddable":true,"href":"https:\/\/www.autosvalls.com\/pt\/wp-json\/wp\/v2\/comments?post=4228"}],"version-history":[{"count":3,"href":"https:\/\/www.autosvalls.com\/pt\/wp-json\/wp\/v2\/pages\/4228\/revisions"}],"predecessor-version":[{"id":35439,"href":"https:\/\/www.autosvalls.com\/pt\/wp-json\/wp\/v2\/pages\/4228\/revisions\/35439"}],"wp:featuredmedia":[{"embeddable":true,"href":"https:\/\/www.autosvalls.com\/pt\/wp-json\/wp\/v2\/media\/5077"}],"wp:attachment":[{"href":"https:\/\/www.autosvalls.com\/pt\/wp-json\/wp\/v2\/media?parent=4228"}],"curies":[{"name":"wp","href":"https:\/\/api.w.org\/{rel}","templated":true}]}}