{"id":35540,"date":"2026-05-14T14:26:23","date_gmt":"2026-05-14T12:26:23","guid":{"rendered":"https:\/\/www.autosvalls.com\/pt\/?page_id=35540"},"modified":"2026-05-14T14:27:37","modified_gmt":"2026-05-14T12:27:37","slug":"reserva-online-com-melhor-preco","status":"publish","type":"page","link":"https:\/\/www.autosvalls.com\/pt\/reserva-online-com-melhor-preco\/","title":{"rendered":"Reserva online com melhor pre\u00e7o"},"content":{"rendered":"<div class=\"wpb-content-wrapper\"><p>[vc_row][vc_column]<div id=\"search469152\"><form id=\"formElem\" name=\"formElem\" action=\"https:\/\/www.autosvalls.com\/pt\/proceso-de-reserva-online\/\" method=\"post\" class=\"limit_width px-5\">\r\n\t<div class=\"search_form_row step1 inline_form pr-bg px-8 pt-8 mt-8 pb-5 big_border_radius\" id=\"search_form_jd\">\r\n\t\t<div class=\"row\">\r\n\t\t\t<div class=\"col-xs-12 col-sm-6\">\r\n\t\t\t\t<div class=\"row search-details-jd\">\r\n\t\t\t\t\t<div class=\"col-xs-12 col-lg-6\">\r\n\t\t\t\t\t\t<div class=\"form-group\">\r\n\t\t\t\t\t\t\t<i class=\"fa fa-map-marker-alt absolute mt-4 secondary_color\"><\/i>\r\n\t\t\t\t\t\t\t<select name=\"pickup_location_id\" class=\"form-control pickup-location form_title\" id=\"pickup_location_id\">\r\n\t\t\t\t\t\t\t\t<option value=\"0\">Selecionar<\/option><option value=\"105\">Aeropuerto Menorca - Curniola, 32<\/option><option value=\"120\">Arenal d&#039;en Castell - C.C. Coves Noves<\/option><option value=\"106\">Binibeca - C.C Binibeca Local, 1<\/option><option value=\"108\">Cala Galdana - C.Comercial Serpentona.<\/option><option value=\"121\">Calan Bosch - C.C. Cal\u00e1n Bosch<\/option><option value=\"107\">Canutells Mar De Menorca - Hotel Mar de Menorca<\/option><option value=\"113\">Hotel Cala Galdana - Urb. La Serpentona S\/N<\/option><option value=\"112\">Hotel Hamilton - Es Castell - Carrer de Sant Ignaci, 22<\/option><option value=\"111\">Hotel Sol Parc - La ubicaci\u00f3n con este c\u00f3digo ya existe!<\/option><option value=\"114\">Hotel Sur Menorca - C. Equinicio S\/N - Urb. Biniancolla<\/option><option value=\"115\">Mahon Centro - Plaza Espa\u00f1a, 13<\/option><option value=\"109\">Playas de Fornells - C. comercial, Local 4.<\/option><option value=\"116\">Puerto Mahon - Moll de Ponent, 23<\/option><option value=\"117\">Punta Prima - Carrer Mestral n\u00ba 3<\/option><option value=\"118\">Son Bou - Milanos Ping\u00fcinos - Royal Son Bou - C. Comercial Son Bou<\/option><option value=\"119\">Son Bou - San Jaime - Torre Soli - C. Comercial San Jaime<\/option><option value=\"110\">Son Parc - Centro comercial Son Parc<\/option>\t\t\t\t\t\t\t<\/select>\r\n\t\t\t\t\t\t\t<label for=\"pickup_location_id\" class=\"filled\">\r\n\t\t\t\t\t\t\t\tLocal de Levantamento\t\t\t\t\t\t\t<\/label>\r\n\t\t\t\t\t\t<\/div>\r\n\t\t\t\t\t<\/div>\r\n\t\t\t\t\t<div class=\"col-xs-12 col-md-6 col-lg-3\">\r\n\t\t\t\t\t\t<div class=\"form-group\">\r\n\t\t\t\t\t\t\t<i class=\"fa fa-calendar absolute mt-4 secondary_color\"><\/i>\r\n\t\t\t\t\t\t\t<input type=\"text\" name=\"pickup_date\" id=\"pickup_date\" required\r\n\t\t\t\t\t\t\t\t   value=\"18\/05\/2026\"\r\n\t\t\t\t\t\t\t\t   placeholder=\"Que dia?\"\r\n\t\t\t\t\t\t\t\t   class=\"pickup-date form_title ml-1 no_translate\"\r\n\t\t\t\t\t\t\t\t   readonly=\"readonly\" AUTOCOMPLETE=\"off\"\/>\r\n\t\t\t\t\t\t\t<label for=\"pickup_date\" class=\"filled\">\r\n\t\t\t\t\t\t\t\tData\t\t\t\t\t\t\t<\/label>\r\n\t\t\t\t\t\t<\/div>\r\n\t\t\t\t\t<\/div>\r\n\t\t\t\t\t<div class=\"col-xs-12 col-md-6 col-lg-3\">\r\n\t\t\t\t\t\t<div class=\"form-group\">\r\n\t\t\t\t\t\t\t<i class=\"fa fa-clock absolute mt-4 secondary_color\"><\/i>\r\n\t\t\t\t\t\t\t<select name=\"pickup_time\" class=\"form-control pickup-time form_title\" id=\"pickup_time\">\r\n\t\t\t\t\t\t\t\t<option value=\"00:00:00\">Meia-noite<\/option><option value=\"00:30:00\">00:30<\/option><option value=\"01:00:00\">01:00<\/option><option value=\"01:30:00\">01:30<\/option><option value=\"02:00:00\">02:00<\/option><option value=\"02:30:00\">02:30<\/option><option value=\"03:00:00\">03:00<\/option><option value=\"03:30:00\">03:30<\/option><option value=\"04:00:00\">04:00<\/option><option value=\"04:30:00\">04:30<\/option><option value=\"05:00:00\">05:00<\/option><option value=\"05:30:00\">05:30<\/option><option value=\"06:00:00\">06:00<\/option><option value=\"06:30:00\">06:30<\/option><option value=\"07:00:00\">07:00<\/option><option value=\"07:30:00\">07:30<\/option><option value=\"08:00:00\">08:00<\/option><option value=\"08:30:00\">08:30<\/option><option value=\"09:00:00\">09:00<\/option><option value=\"09:30:00\">09:30<\/option><option value=\"10:00:00\" selected=\"selected\">10:00<\/option><option value=\"10:30:00\">10:30<\/option><option value=\"11:00:00\">11:00<\/option><option value=\"11:30:00\">11:30<\/option><option value=\"12:00:00\">Meio-dia<\/option><option value=\"12:30:00\">12:30<\/option><option value=\"13:00:00\">13:00<\/option><option value=\"13:30:00\">13:30<\/option><option value=\"14:00:00\">14:00<\/option><option value=\"14:30:00\">14:30<\/option><option value=\"15:00:00\">15:00<\/option><option value=\"15:30:00\">15:30<\/option><option value=\"16:00:00\">16:00<\/option><option value=\"16:30:00\">16:30<\/option><option value=\"17:00:00\">17:00<\/option><option value=\"17:30:00\">17:30<\/option><option value=\"18:00:00\">18:00<\/option><option value=\"18:30:00\">18:30<\/option><option value=\"19:00:00\">19:00<\/option><option value=\"19:30:00\">19:30<\/option><option value=\"20:00:00\">20:00<\/option><option value=\"20:30:00\">20:30<\/option><option value=\"21:00:00\">21:00<\/option><option value=\"21:30:00\">21:30<\/option><option value=\"22:00:00\">22:00<\/option><option value=\"22:30:00\">22:30<\/option><option value=\"23:00:00\">23:00<\/option><option value=\"23:30:00\">23:30<\/option>\t\t\t\t\t\t\t<\/select>\r\n\t\t\t\t\t\t\t<label for=\"pickup_time\" class=\"filled\">\r\n\t\t\t\t\t\t\t\tHora\t\t\t\t\t\t\t<\/label>\r\n\t\t\t\t\t\t<\/div>\r\n\t\t\t\t\t<\/div>\r\n\t\t\t\t<\/div>\r\n\t\t\t<\/div>\r\n\t\t\t<div class=\"col-xs-12 col-sm-6\">\r\n\t\t\t\t<div class=\"row search-details-jd\">\r\n\t\t\t\t\t<div class=\"col-xs-12 col-lg-6\">\r\n\t\t\t\t\t\t<div class=\"form-group\">\r\n\t\t\t\t\t\t\t<i class=\"fa fa-map-marker-alt absolute mt-4 secondary_color\"><\/i>\r\n\t\t\t\t\t\t\t<select name=\"return_location_id\" class=\"form-control return-location form_title\" id=\"return_location_id\">\r\n\t\t\t\t\t\t\t\t<option value=\"0\">Selecionar<\/option><option value=\"105\">Aeropuerto Menorca - Curniola, 32<\/option><option value=\"120\">Arenal d&#039;en Castell - C.C. Coves Noves<\/option><option value=\"106\">Binibeca - C.C Binibeca Local, 1<\/option><option value=\"108\">Cala Galdana - C.Comercial Serpentona.<\/option><option value=\"121\">Calan Bosch - C.C. Cal\u00e1n Bosch<\/option><option value=\"107\">Canutells Mar De Menorca - Hotel Mar de Menorca<\/option><option value=\"113\">Hotel Cala Galdana - Urb. La Serpentona S\/N<\/option><option value=\"112\">Hotel Hamilton - Es Castell - Carrer de Sant Ignaci, 22<\/option><option value=\"111\">Hotel Sol Parc - La ubicaci\u00f3n con este c\u00f3digo ya existe!<\/option><option value=\"114\">Hotel Sur Menorca - C. Equinicio S\/N - Urb. Biniancolla<\/option><option value=\"115\">Mahon Centro - Plaza Espa\u00f1a, 13<\/option><option value=\"109\">Playas de Fornells - C. comercial, Local 4.<\/option><option value=\"116\">Puerto Mahon - Moll de Ponent, 23<\/option><option value=\"117\">Punta Prima - Carrer Mestral n\u00ba 3<\/option><option value=\"118\">Son Bou - Milanos Ping\u00fcinos - Royal Son Bou - C. Comercial Son Bou<\/option><option value=\"119\">Son Bou - San Jaime - Torre Soli - C. Comercial San Jaime<\/option><option value=\"110\">Son Parc - Centro comercial Son Parc<\/option>\t\t\t\t\t\t\t<\/select>\r\n\t\t\t\t\t\t\t<label for=\"return_location_id\" class=\"filled\">\r\n\t\t\t\t\t\t\t\tLocal de Devolu\u00e7\u00e3o\t\t\t\t\t\t\t<\/label>\r\n\t\t\t\t\t\t<\/div>\r\n\t\t\t\t\t<\/div>\r\n\t\t\t\t\t<div class=\"col-xs-12 col-md-6 col-lg-3\">\r\n\t\t\t\t\t\t<div class=\"form-group\">\r\n\t\t\t\t\t\t\t<i class=\"fa fa-calendar absolute mt-4 secondary_color\"><\/i>\r\n\t\t\t\t\t\t\t<input type=\"text\" name=\"return_date\" id=\"return_date\" required\r\n\t\t\t\t\t\t\t\t   value=\"25\/05\/2026\"\r\n\t\t\t\t\t\t\t\t   placeholder=\"Que dia?\"\r\n\t\t\t\t\t\t\t\t   class=\"return-date form_title ml-1 no_translate\"\r\n\t\t\t\t\t\t\t\t   readonly=\"readonly\" AUTOCOMPLETE=\"off\"\/>\r\n\t\t\t\t\t\t\t<label for=\"return_date\" class=\"filled\">\r\n\t\t\t\t\t\t\t\tData\t\t\t\t\t\t\t<\/label>\r\n\t\t\t\t\t\t<\/div>\r\n\t\t\t\t\t<\/div>\r\n\t\t\t\t\t<div class=\"col-xs-12 col-md-6 col-lg-3\">\r\n\t\t\t\t\t\t<div class=\"form-group\">\r\n\t\t\t\t\t\t\t<i class=\"fa fa-clock absolute mt-4 secondary_color\"><\/i>\r\n\t\t\t\t\t\t\t<select name=\"return_time\" class=\"form-control pickup-time form_title\" id=\"return_time\">\r\n\t\t\t\t\t\t\t\t<option value=\"00:00:00\">Meia-noite<\/option><option value=\"00:30:00\">00:30<\/option><option value=\"01:00:00\">01:00<\/option><option value=\"01:30:00\">01:30<\/option><option value=\"02:00:00\">02:00<\/option><option value=\"02:30:00\">02:30<\/option><option value=\"03:00:00\">03:00<\/option><option value=\"03:30:00\">03:30<\/option><option value=\"04:00:00\">04:00<\/option><option value=\"04:30:00\">04:30<\/option><option value=\"05:00:00\">05:00<\/option><option value=\"05:30:00\">05:30<\/option><option value=\"06:00:00\">06:00<\/option><option value=\"06:30:00\">06:30<\/option><option value=\"07:00:00\">07:00<\/option><option value=\"07:30:00\">07:30<\/option><option value=\"08:00:00\">08:00<\/option><option value=\"08:30:00\">08:30<\/option><option value=\"09:00:00\">09:00<\/option><option value=\"09:30:00\">09:30<\/option><option value=\"10:00:00\" selected=\"selected\">10:00<\/option><option value=\"10:30:00\">10:30<\/option><option value=\"11:00:00\">11:00<\/option><option value=\"11:30:00\">11:30<\/option><option value=\"12:00:00\">Meio-dia<\/option><option value=\"12:30:00\">12:30<\/option><option value=\"13:00:00\">13:00<\/option><option value=\"13:30:00\">13:30<\/option><option value=\"14:00:00\">14:00<\/option><option value=\"14:30:00\">14:30<\/option><option value=\"15:00:00\">15:00<\/option><option value=\"15:30:00\">15:30<\/option><option value=\"16:00:00\">16:00<\/option><option value=\"16:30:00\">16:30<\/option><option value=\"17:00:00\">17:00<\/option><option value=\"17:30:00\">17:30<\/option><option value=\"18:00:00\">18:00<\/option><option value=\"18:30:00\">18:30<\/option><option value=\"19:00:00\">19:00<\/option><option value=\"19:30:00\">19:30<\/option><option value=\"20:00:00\">20:00<\/option><option value=\"20:30:00\">20:30<\/option><option value=\"21:00:00\">21:00<\/option><option value=\"21:30:00\">21:30<\/option><option value=\"22:00:00\">22:00<\/option><option value=\"22:30:00\">22:30<\/option><option value=\"23:00:00\">23:00<\/option><option value=\"23:30:00\">23:30<\/option>\t\t\t\t\t\t\t<\/select>\r\n\t\t\t\t\t\t\t<label for=\"return_time\" class=\"filled\">\r\n\t\t\t\t\t\t\t\tHora\t\t\t\t\t\t\t<\/label>\r\n\t\t\t\t\t\t<\/div>\r\n\t\t\t\t\t<\/div>\r\n\t\t\t\t<\/div>\r\n\t\t\t<\/div>\r\n\t\t<\/div>\r\n\t\t<div class=\"row search-details-jd\">\r\n\t\t\t\t\t\t\t<div class=\"col-xs-12 col-sm-6 col-md-4 col-lg-3\">\r\n\t\t\t\t\t<div class=\"form-group\">\r\n\t\t\t\t\t\t<i class=\"fa fa-user absolute mt-4 secondary_color\"><\/i>\r\n\t\t\t\t\t\t<select name=\"driver_age\" class=\"form-control form_title\" id=\"driver_age\" required>\r\n\t\t\t\t\t\t\t<option value=\"\">Selecionar<\/option>\r\n\t\t\t\t\t\t\t<option value=\"20\" >18-20<\/option>\r\n\t\t\t\t\t\t\t<option value=\"21\" >21<\/option>\r\n\t\t\t\t\t\t\t<option value=\"22\" >22<\/option>\r\n\t\t\t\t\t\t\t<option value=\"23\" >23<\/option>\r\n\t\t\t\t\t\t\t<option value=\"24\" >24<\/option>\r\n\t\t\t\t\t\t\t<option value=\"25\" >25<\/option>\r\n\t\t\t\t\t\t\t<option value=\"27\" >26-27<\/option>\r\n\t\t\t\t\t\t\t<option value=\"80\" >28-80<\/option>\r\n\t\t\t\t\t\t<\/select>\r\n\t\t\t\t\t\t<label for=\"driver_age\" class=\"filled\">\r\n\t\t\t\t\t\t\tIdade do condutor\t\t\t\t\t\t<\/label>\r\n\t\t\t\t\t<\/div>\r\n\t\t\t\t<\/div>\r\n\t\t\t\t<div class=\"col-xs-12 col-sm-6 col-md-4 col-lg-3\">\r\n\t\t\t\t\t<div class=\"form-group\">\r\n\t\t\t\t\t\t<i class=\"fa fa-ticket-alt absolute mt-4 secondary_color\"><\/i>\r\n\t\t\t\t\t\t<input type=\"text\" name=\"coupon_code\" class=\"form-control form_title pl-7\" value=\"\"\/>\r\n\t\t\t\t\t\t<label for=\"driver_age\" class=\"filled\">\r\n\t\t\t\t\t\t\tDesconto de cup\u00e3o\t\t\t\t\t\t<\/label>\r\n\t\t\t\t\t<\/div>\r\n\t\t\t\t<\/div>\r\n\t\t\t\t\t\t<div class=\"col-xs-12 col-md-4 col-lg-3 float_right search-submit-js\">\r\n\t\t\t\t<input type=\"hidden\" name=\"car_rental_came_from_step1\" value=\"yes\"\/>\r\n\t\t\t\t\t\t\t\t\t<input type=\"submit\" name=\"car_rental_do_search\" value=\"Reservar\" class=\"car-rental-do-search-jd search-form-submit button\" onClick=\"ga('send', 'event', 'Car Rental', 'Click', '1. Search for all cars');\" \/>\t\t\t\t\t\t\t<\/div>\r\n\t\t<\/div>\r\n\t<\/div>\r\n<\/form>\r\n<script type=\"text\/javascript\">\r\n    var autoFocus = '1';\r\n    var locationsS2 = '';\r\n    var durationS2 = '1';\r\n    var priceType = '1';\r\n    var returnLocation = '1';\r\n    var returnDate = '1';\r\n    var NRS_SELECT_BOOKING_DATE_TEXT = 'Data:';\r\n\r\n    jQuery(document).ready(function () {\r\n        var options = {};\r\n        options.useDatePicker = '1';\r\n        options.unavailableDates = [];\r\n        options.autoFocus = autoFocus;\r\n        options.timeMode = 'regular';\r\n        options.minimumBookingPeriodInseconds = '0';\r\n        options.nrsDateFormat = 'dd\/mm\/yy';\r\n        options.firstDay = '1';\r\n        options.locationsS2 = locationsS2;\r\n        options.filtersS2 = '';\r\n        options.durationS2 = durationS2;\r\n        options.priceType = priceType;\r\n        options.returnLocation = returnLocation;\r\n        options.returnDate = returnDate;\r\n        options.minDate = '0';\r\n        options.existingBookingCodeVisible = '';\r\n        options.couponCodeRequired = '';\r\n        options.pickupLocationRequired = '1';\r\n        options.returnLocationRequired = '1';\r\n        options.pickupDateRequired = '1';\r\n        options.returnDateRequired = '1';\r\n        options.timeFormat = 'H:i';\r\n        options.NRS_SELECT_BOOKING_DATE_TEXT = NRS_SELECT_BOOKING_DATE_TEXT;\r\n        options.NRS_I_HAVE_BOOKING_CODE_TEXT = \"Tenho um c\u00f3digo de reserva:\";\r\n        options.NRS_COUPON_CODE_ALERT_TEXT = \"Por favor introduza o seu c\u00f3digo promocional!\";\r\n        options.NRS_PICKUP_LOCATION_ALERT_TEXT = \"Por favor selecione o local de levantamento!\";\r\n        options.NRS_RETURN_LOCATION_ALERT_TEXT = \"Por favor selecione o local de devolu\u00e7\u00e3o!\";\r\n        options.NRS_PICKUP_DATE_ALERT_TEXT = \"Por favor selecione a data de levantamento!\";\r\n        options.NRS_RETURN_DATE_ALERT_TEXT = \"Por favor selecione a data de devolu\u00e7\u00e3o!\";\r\n        options.NRS_BOOKING_PERIOD_ALERT_TEXT = \"Por favor selecione o per\u00edodo da reserva!\";\r\n        options.NRS_MINUTES_TEXT = \"minutos\";\r\n        options.NRS_HOURS_TEXT = \"horas\";\r\n        options.NRS_ERROR_MINIMUM_NUMBER_OF_NIGHT_SHOULD_NOT_BE_LESS_THAN_TEXT = \"O n\u00famero m\u00ednimo de noites n\u00e3o pode ser inferior a\";\r\n        options.NRS_ERROR_PLEASE_MODIFY_YOUR_SEARCH_CRITERIA_TEXT = \"Por favor modifique os seus crit\u00e9rios de pesquisa.\";\r\n        step1.init(options);\r\n    });    \/\/ Customs\r\n    jQuery('.pickup-location').change(function () {\r\n        var returnLocation = jQuery('.return-location');\r\n        if (returnLocation.val() === '0') {\r\n            returnLocation.val(this.value).trigger('change');\r\n        }\r\n    });\r\n    jQuery(document).ready(function () {\r\n        jQuery('.pickup-date').on('blur', function () {\r\n            setTimeout(function () {\r\n                var pickupParts = jQuery('.pickup-date').val().split(\"\/\");\r\n                var pickupDate = new Date(pickupParts[1] + \"\/\" + pickupParts[0] + \"\/\" + pickupParts[2]);\r\n\r\n                var returnField = jQuery('.return-date');\r\n                var returnParts = returnField.val().split(\"\/\");\r\n                var returnTimestamp = new Date(returnParts[1] + \"\/\" + returnParts[0] + \"\/\" + returnParts[2]).getTime();\r\n\r\n                if (returnTimestamp <= pickupDate.getTime()) {\r\n                    var suggestedReturnTime = new Date(pickupDate.getTime() + (86400 * 3 * 1000));\r\n                    var dd = String(suggestedReturnTime.getDate()).padStart(2, '0');\r\n                    var mm = String(suggestedReturnTime.getMonth() + 1).padStart(2, '0'); \/\/January is 0!\r\n                    var yyyy = suggestedReturnTime.getFullYear();\r\n\r\n                    returnField.val(dd + '\/' + mm + '\/' + yyyy).trigger('change');\r\n                }\r\n            }, 100);\r\n        });\r\n    });\r\n<\/script><\/div>[\/vc_column][\/vc_row][vc_row][vc_column][vc_row_inner][vc_column_inner][vc_column_text css=&#8221;&#8221;]<\/p>\r\n<p style=\"padding-left: 40px;\"><strong>Reserva o seu carro ou <a href=\"https:\/\/www.motosvallsmenorca.es\/\" target=\"_blank\" rel=\"noopener\">As nossas motos alquiler<\/a> Tudo inclu\u00eddo:<\/strong> quilometragem ilimitada, assist\u00eancia em viagem e IVA.<\/p>\r\n<p>[\/vc_column_text][\/vc_column_inner][\/vc_row_inner][vc_empty_space][\/vc_column][\/vc_row][vc_row][vc_column width=&#8221;1\/4&#8243;][vc_single_image image=&#8221;35123&#8243; img_size=&#8221;small&#8221; alignment=&#8221;center&#8221; onclick=&#8221;custom_link&#8221; img_link_target=&#8221;_blank&#8221; css_animation=&#8221;slideInRight&#8221; css=&#8221;&#8221; link=&#8221;https:\/\/www.autosvalls.com\/nuestros-coches\/mercedes-glc\/&#8221;][\/vc_column][vc_column width=&#8221;1\/4&#8243;][vc_single_image image=&#8221;35126&#8243; img_size=&#8221;small&#8221; alignment=&#8221;center&#8221; onclick=&#8221;custom_link&#8221; img_link_target=&#8221;_blank&#8221; css=&#8221;&#8221; link=&#8221;https:\/\/www.autosvalls.com\/nuestros-coches\/jeep-renegade\/&#8221;][\/vc_column][vc_column width=&#8221;1\/4&#8243;][vc_single_image image=&#8221;35127&#8243; img_size=&#8221;small&#8221; alignment=&#8221;center&#8221; onclick=&#8221;custom_link&#8221; img_link_target=&#8221;_blank&#8221; css=&#8221;&#8221; link=&#8221;https:\/\/www.autosvalls.com\/nuestros-coches\/volkswagen-new-beetle-cabrio\/&#8221;][\/vc_column][vc_column width=&#8221;1\/4&#8243;][vc_single_image image=&#8221;35125&#8243; img_size=&#8221;small&#8221; alignment=&#8221;center&#8221; onclick=&#8221;custom_link&#8221; img_link_target=&#8221;_blank&#8221; css_animation=&#8221;fadeInRight&#8221; css=&#8221;&#8221; link=&#8221;https:\/\/www.autosvalls.com\/nuestros-coches\/alquiler-de-motos-menorca-bmw-r\/&#8221;][\/vc_column][\/vc_row][vc_row][vc_column width=&#8221;1\/3&#8243;][vc_column_text css=&#8221;&#8221;]<span class=\"secondary_color enorme\">O que inclui o pre\u00e7o?<\/span>[\/vc_column_text][\/vc_column][vc_column width=&#8221;2\/3&#8243;][vc_raw_html css=&#8221;&#8221; el_class=&#8221;anti_accent what_includes&#8221;]JTNDc3BhbiUyMGNsYXNzJTNEJTIyZmxvYXRfbGVmdCUyMiUzRSUzQ2klMjBjbGFzcyUzRCUyMmZhcyUyMGZhLWhlYWRzZXQlMjBmYS0yeCUyMiUzRSUzQyUyRmklM0UlMjBBc3Npc3QlQzMlQUFuY2lhJTIwZW0lMjB2aWFnZW0lM0MlMkZzcGFuJTNFJTBEJTBBJTNDc3BhbiUyMGNsYXNzJTNEJTIyZmxvYXRfbGVmdCUyMiUzRSUzQ2klMjBjbGFzcyUzRCUyMmZhcyUyMGZhLXJvYWQlMjBmYS0yeCUyMiUzRSUzQyUyRmklM0UlMjBRdWlsJUMzJUIzbWV0cm9zJTIwaWxpbWl0YWRvcyUzQyUyRnNwYW4lM0UlMEQlMEElM0NzcGFuJTIwY2xhc3MlM0QlMjJmbG9hdF9sZWZ0JTIyJTNFJTNDaSUyMGNsYXNzJTNEJTIyZmFzJTIwZmEtY29pbnMlMjBmYS0yeCUyMiUzRSUzQyUyRmklM0UlMjBNZWxob3IlMjBwcmUlQzMlQTdvJTIwZ2FyYW50aWRvJTNDJTJGc3BhbiUzRSUwRCUwQSUzQ3NwYW4lMjBjbGFzcyUzRCUyMmZsb2F0X2xlZnQlMjIlM0UlM0NpJTIwY2xhc3MlM0QlMjJmYXMlMjBmYS1hZGRyZXNzLWNhcmQlMjIlM0UlM0MlMkZpJTNFJTIwU2VndW5kbyUyMGNvbmR1dG9yJTIwZ3IlQzMlQTF0aXMlM0MlMkZzcGFuJTNFJTBEJTBBJTNDc3BhbiUyMGNsYXNzJTNEJTIyZmxvYXRfbGVmdCUyMiUzRSUzQ2klMjBjbGFzcyUzRCUyMmZhcyUyMGZhLWNyZWRpdC1jYXJkJTIyJTNFJTNDJTJGaSUzRSUyMEFjZWl0YW1vcyUyMGNhcnQlQzMlQTNvJTIwZGUlMjBkJUMzJUE5Yml0byUzQyUyRnNwYW4lM0U=[\/vc_raw_html][\/vc_column][\/vc_row]<\/p>\r\n<\/div>","protected":false},"excerpt":{"rendered":"[vc_row][vc_column][\/vc_column][\/vc_row][vc_row][vc_column][vc_row_inner][vc_column_inner][vc_column_text css=&#8221;&#8221;] Reserva o seu carro ou As nossas motos alquiler Tudo inclu\u00eddo: quilometragem ilimitada, assist\u00eancia em viagem e IVA. [\/vc_column_text][\/vc_column_inner][\/vc_row_inner][vc_empty_space][\/vc_column][\/vc_row][vc_row][vc_column width=&#8221;1\/4&#8243;][vc_single_image image=&#8221;35123&#8243; img_size=&#8221;small&#8221; alignment=&#8221;center&#8221; onclick=&#8221;custom_link&#8221; img_link_target=&#8221;_blank&#8221; css_animation=&#8221;slideInRight&#8221; css=&#8221;&#8221; link=&#8221;https:\/\/www.autosvalls.com\/nuestros-coches\/mercedes-glc\/&#8221;][\/vc_column][vc_column width=&#8221;1\/4&#8243;][vc_single_image image=&#8221;35126&#8243; img_size=&#8221;small&#8221; alignment=&#8221;center&#8221; onclick=&#8221;custom_link&#8221; img_link_target=&#8221;_blank&#8221; css=&#8221;&#8221; link=&#8221;https:\/\/www.autosvalls.com\/nuestros-coches\/jeep-renegade\/&#8221;][\/vc_column][vc_column width=&#8221;1\/4&#8243;][vc_single_image image=&#8221;35127&#8243; img_size=&#8221;small&#8221; alignment=&#8221;center&#8221; onclick=&#8221;custom_link&#8221; img_link_target=&#8221;_blank&#8221; css=&#8221;&#8221; link=&#8221;https:\/\/www.autosvalls.com\/nuestros-coches\/volkswagen-new-beetle-cabrio\/&#8221;][\/vc_column][vc_column width=&#8221;1\/4&#8243;][vc_single_image image=&#8221;35125&#8243; img_size=&#8221;small&#8221; alignment=&#8221;center&#8221; onclick=&#8221;custom_link&#8221; img_link_target=&#8221;_blank&#8221; css_animation=&#8221;fadeInRight&#8221; css=&#8221;&#8221; link=&#8221;https:\/\/www.autosvalls.com\/nuestros-coches\/alquiler-de-motos-menorca-bmw-r\/&#8221;][\/vc_column][\/vc_row][vc_row][vc_column [&hellip;]","protected":false},"author":1,"featured_media":0,"parent":0,"menu_order":0,"comment_status":"closed","ping_status":"closed","template":"","meta":{"footnotes":""},"class_list":["post-35540","page","type-page","status-publish","hentry"],"_links":{"self":[{"href":"https:\/\/www.autosvalls.com\/pt\/wp-json\/wp\/v2\/pages\/35540","targetHints":{"allow":["GET"]}}],"collection":[{"href":"https:\/\/www.autosvalls.com\/pt\/wp-json\/wp\/v2\/pages"}],"about":[{"href":"https:\/\/www.autosvalls.com\/pt\/wp-json\/wp\/v2\/types\/page"}],"author":[{"embeddable":true,"href":"https:\/\/www.autosvalls.com\/pt\/wp-json\/wp\/v2\/users\/1"}],"replies":[{"embeddable":true,"href":"https:\/\/www.autosvalls.com\/pt\/wp-json\/wp\/v2\/comments?post=35540"}],"version-history":[{"count":3,"href":"https:\/\/www.autosvalls.com\/pt\/wp-json\/wp\/v2\/pages\/35540\/revisions"}],"predecessor-version":[{"id":35543,"href":"https:\/\/www.autosvalls.com\/pt\/wp-json\/wp\/v2\/pages\/35540\/revisions\/35543"}],"wp:attachment":[{"href":"https:\/\/www.autosvalls.com\/pt\/wp-json\/wp\/v2\/media?parent=35540"}],"curies":[{"name":"wp","href":"https:\/\/api.w.org\/{rel}","templated":true}]}}