{"id":32976,"date":"2023-03-07T19:20:39","date_gmt":"2023-03-07T18:20:39","guid":{"rendered":"https:\/\/www.autosvalls.com\/?page_id=32976"},"modified":"2023-03-07T19:20:39","modified_gmt":"2023-03-07T18:20:39","slug":"oferta-alquiler-coche-superior-gratis","status":"publish","type":"page","link":"https:\/\/www.autosvalls.com\/pt\/ofertas\/oferta-alquiler-coche-superior-gratis\/","title":{"rendered":"Oferta alquiler coche superior gratis"},"content":{"rendered":"<div class=\"wpb-content-wrapper\">[vc_row full_width=&#8221;stretch_row_content_no_spaces&#8221;][vc_column][vc_column_text]<div class=\"car-rental-wrapper car-rental-offers-list\">\n\t\t\t\t\t\t<div class=\"row row-eq-height-all mb-8 single-offer-header\" style=\"background-image:url(https:\/\/www.autosvalls.com\/pt\/wp-content\/uploads\/CarRentalGallery\/big_thumb_1681733871_alquiler-superior.jpg)\">\n\t\t\t\t<div class=\"col-xs-12 col-sm-7 hidden-xs\"><\/div>\n\t\t\t\t<div class=\"col-xs-12 col-sm-5 vcenter-all px-8 single-offer-title-wrapper\">\n\t\t\t\t\t<h1 class=\"slider-offer-title mt-0\">Oferta Alquiler Coche Superior Gratis<\/h1>\n\t\t\t\t\t<p class=\"mt-0\">\u00bfTe gustar\u00eda conducir un coche m\u00e1s grande y c\u00f3modo sin pagar m\u00e1s? En Autos Valls tenemos una oferta especial para ti: si reservas y pagas tu alquiler con al menos 30 d\u00edas de antelaci\u00f3n, te regalamos un grupo superior gratuito.<\/p>\n\t\t\t\t\t<a href=\"#!offer-types-16\"\n\t\t\t\t\t   class=\"button slider-offer-book\">Ver ofertas<\/a>\n\t\t\t\t<\/div>\n\t\t\t<\/div>\n\t\t\t<div class=\"row mt-10\" id=\"offer-types-16\">\n\t\t\t\t<div class=\"col-xs-12 col-md-10 col-lg-9 center-block\" style=\"float:none\">\n\t\t\t\t\t<div class=\"row row-eq-height\">\n\t\t\t\t\t\t\t\t\t\t\t\t\t<h3 class=\"no-items-available text-center\">N\u00e3o existem ofertas dispon\u00edveis neste momento.<\/h3>\n\t\t\t\t\t\t\t\t\t\t\t<\/div>\n\t\t\t\t<\/div>\n\t\t\t<\/div>\n\t\t\t<\/div>\n<script type=\"text\/javascript\">\n    jQuery(document).ready(function () {\n        jQuery('.fancybox').fancybox();\n    });\n<\/script>[\/vc_column_text][vc_column_text el_class=&#8221;encabezados&#8221;]\n<h2>Oferta alquiler coche superior gratis<\/h2>\n[\/vc_column_text][\/vc_column][\/vc_row]<\/div>","protected":false},"excerpt":{"rendered":"[vc_row full_width=&#8221;stretch_row_content_no_spaces&#8221;][vc_column][vc_column_text][\/vc_column_text][vc_column_text el_class=&#8221;encabezados&#8221;] Oferta alquiler coche superior gratis [\/vc_column_text][\/vc_column][\/vc_row]","protected":false},"author":1,"featured_media":33027,"parent":20746,"menu_order":0,"comment_status":"closed","ping_status":"closed","template":"","meta":{"footnotes":""},"class_list":["post-32976","page","type-page","status-publish","has-post-thumbnail","hentry"],"_links":{"self":[{"href":"https:\/\/www.autosvalls.com\/pt\/wp-json\/wp\/v2\/pages\/32976","targetHints":{"allow":["GET"]}}],"collection":[{"href":"https:\/\/www.autosvalls.com\/pt\/wp-json\/wp\/v2\/pages"}],"about":[{"href":"https:\/\/www.autosvalls.com\/pt\/wp-json\/wp\/v2\/types\/page"}],"author":[{"embeddable":true,"href":"https:\/\/www.autosvalls.com\/pt\/wp-json\/wp\/v2\/users\/1"}],"replies":[{"embeddable":true,"href":"https:\/\/www.autosvalls.com\/pt\/wp-json\/wp\/v2\/comments?post=32976"}],"version-history":[{"count":0,"href":"https:\/\/www.autosvalls.com\/pt\/wp-json\/wp\/v2\/pages\/32976\/revisions"}],"up":[{"embeddable":true,"href":"https:\/\/www.autosvalls.com\/pt\/wp-json\/wp\/v2\/pages\/20746"}],"wp:featuredmedia":[{"embeddable":true,"href":"https:\/\/www.autosvalls.com\/pt\/wp-json\/wp\/v2\/media\/33027"}],"wp:attachment":[{"href":"https:\/\/www.autosvalls.com\/pt\/wp-json\/wp\/v2\/media?parent=32976"}],"curies":[{"name":"wp","href":"https:\/\/api.w.org\/{rel}","templated":true}]}}