{"id":253,"date":"2017-03-14T05:01:30","date_gmt":"2017-03-14T04:01:30","guid":{"rendered":"http:\/\/grupored.inteligencia-web.com\/?page_id=253"},"modified":"2026-02-24T18:24:59","modified_gmt":"2026-02-24T17:24:59","slug":"contacto","status":"publish","type":"page","link":"https:\/\/www.autosvalls.com\/pt\/contacto\/","title":{"rendered":"Contacto"},"content":{"rendered":"<div class=\"wpb-content-wrapper\">[vc_row full_width=&#8221;stretch_row&#8221; full_height=&#8221;yes&#8221; equal_height=&#8221;yes&#8221; content_placement=&#8221;middle&#8221; el_id=&#8221;contact_us&#8221; css=&#8221;.vc_custom_1529228014388{background-color: #f9f9f9 !important;}&#8221;][vc_column width=&#8221;2\/3&#8243; el_class=&#8221;contact_form&#8221; css=&#8221;.vc_custom_1520770810199{padding-right: 50px !important;}&#8221; offset=&#8221;vc_col-lg-6 vc_col-md-7&#8243;][vc_row_inner content_placement=&#8221;middle&#8221;][vc_column_inner width=&#8221;1\/2&#8243;][vc_icon icon_fontawesome=&#8221;fa fa-map-marker&#8221; color=&#8221;white&#8221; background_style=&#8221;rounded&#8221; background_color=&#8221;secondary_color_background&#8221; align=&#8221;center&#8221; css_animation=&#8221;flipInX&#8221; el_class=&#8221;contact_icon&#8221;][\/vc_column_inner][vc_column_inner width=&#8221;1\/2&#8243;][vc_column_text css=&#8221;.vc_custom_1771953709437{border-right-width: 1px !important;}&#8221;]<strong>Sede \/ Servi\u00e7os Centrais<\/strong><br>\nCarrer de Curniola, 32.<br>\nMa\u00f3, 07714. Menorca[\/vc_column_text][\/vc_column_inner][\/vc_row_inner][vc_row_inner content_placement=&#8221;middle&#8221;][vc_column_inner width=&#8221;1\/2&#8243;][vc_icon icon_fontawesome=&#8221;fa fa-phone&#8221; color=&#8221;white&#8221; background_style=&#8221;rounded&#8221; background_color=&#8221;secondary_color_background&#8221; align=&#8221;center&#8221; css_animation=&#8221;flipInX&#8221; el_class=&#8221;contact_icon&#8221;][\/vc_column_inner][vc_column_inner width=&#8221;1\/2&#8243;][vc_column_text css=&#8221;.vc_custom_1771953757721{border-right-width: 1px !important;padding-right: 0px !important;}&#8221;]<b>Informa\u00e7\u00f5es e Reservas<\/b><br>\n971 57 37 40[\/vc_column_text][\/vc_column_inner][\/vc_row_inner][vc_column_text css=&#8221;&#8221;]<h2 class=\"vc_underline_title vc_title secondary_color\">Aluguer de Carros e Motas em Menorca<\/h2>\n\n<p>Precisa de ajuda? Saiba como entrar em contacto com a Valls Rent a Car por telefone ou e-mail antes, durante e ap\u00f3s a sua viagem. Contacte-nos e saiba mais sobre as nossas <strong>ofertas, promo\u00e7\u00f5es e c\u00f3digos de desconto para casamentos ou <\/strong><b>eventos especiais.<\/b><\/p>\n\n<p>Na Autos Valls, ajudamo-lo a desfrutar da sua viatura e da sua estadia em Menorca. A nossa equipa ter\u00e1 todo o gosto em aconselh\u00e1-lo caso tenha alguma d\u00favida relacionada com os requisitos necess\u00e1rios para alugar um carro. Estaremos ao seu dispor e teremos todo o gosto em atend\u00ea-lo.<\/p>[\/vc_column_text][vc_column_text css=&#8221;&#8221;]<h4>Agradecemos o seu tempo e esperamos conhec\u00ea-lo em breve.<\/h4>[\/vc_column_text][\/vc_column][vc_column width=&#8221;1\/3&#8243; offset=&#8221;vc_col-lg-6 vc_col-md-5&#8243;][vc_gmaps link=&#8221;#E-8_JTNDaWZyYW1lJTIwc3JjJTNEJTIyaHR0cHMlM0ElMkYlMkZ3d3cuZ29vZ2xlLmNvbSUyRm1hcHMlMkZlbWJlZCUzRnBiJTNEJTIxMW0xOCUyMTFtMTIlMjExbTMlMjExZDEyODcuMjUwNTcwMjQyNjY3NCUyMTJkNC4yMzUzMTEyMjA5NDE1MDElMjEzZDM5Ljg4Mjg1OTMyOTE0MTQ3NSUyMTJtMyUyMTFmMCUyMTJmMCUyMTNmMCUyMTNtMiUyMTFpMTAyNCUyMTJpNzY4JTIxNGYxMy4xJTIxM20zJTIxMW0yJTIxMXMweDEyOTU4Nzg0NjYxNGE5YTUlMjUzQTB4ZmE3MjI0YTViMzBjMjY1NSUyMTJzQXV0b3MlMjUyMFZhbGxzJTI1MjBBbHF1aWxlciUyNTIwZGUlMjUyMENvY2hlcyUyNTIwQWVyb3B1ZXJ0byUyNTIwTWVub3JjYSUyMTVlMCUyMTNtMiUyMTFzZXMlMjEyc2VzJTIxNHYxNjExNDkyNTA2NzYzJTIxNW0yJTIxMXNlcyUyMTJzZXMlMjIlMjB3aWR0aCUzRCUyMjYwMCUyMiUyMGhlaWdodCUzRCUyMjQ1MCUyMiUyMGZyYW1lYm9yZGVyJTNEJTIyMCUyMiUyMHN0eWxlJTNEJTIyYm9yZGVyJTNBMCUzQiUyMiUyMGFsbG93ZnVsbHNjcmVlbiUzRCUyMiUyMiUyMGFyaWEtaGlkZGVuJTNEJTIyZmFsc2UlMjIlMjB0YWJpbmRleCUzRCUyMjAlMjIlM0UlM0MlMkZpZnJhbWUlM0U=&#8221; size=&#8221;500px&#8221; css=&#8221;.vc_custom_1615474576662{margin-right: 50px !important;}&#8221;][\/vc_column][\/vc_row]<\/div>","protected":false},"excerpt":{"rendered":"[vc_row full_width=&#8221;stretch_row&#8221; full_height=&#8221;yes&#8221; equal_height=&#8221;yes&#8221; content_placement=&#8221;middle&#8221; el_id=&#8221;contact_us&#8221; css=&#8221;.vc_custom_1529228014388{background-color: #f9f9f9 !important;}&#8221;][vc_column width=&#8221;2\/3&#8243; el_class=&#8221;contact_form&#8221; css=&#8221;.vc_custom_1520770810199{padding-right: 50px !important;}&#8221; offset=&#8221;vc_col-lg-6 vc_col-md-7&#8243;][vc_row_inner content_placement=&#8221;middle&#8221;][vc_column_inner width=&#8221;1\/2&#8243;][vc_icon icon_fontawesome=&#8221;fa fa-map-marker&#8221; color=&#8221;white&#8221; background_style=&#8221;rounded&#8221; background_color=&#8221;secondary_color_background&#8221; align=&#8221;center&#8221; css_animation=&#8221;flipInX&#8221; el_class=&#8221;contact_icon&#8221;][\/vc_column_inner][vc_column_inner width=&#8221;1\/2&#8243;][vc_column_text css=&#8221;.vc_custom_1771953709437{border-right-width: 1px !important;}&#8221;]Sede \/ Servi\u00e7os Centrais Carrer de Curniola, 32. Ma\u00f3, 07714. Menorca[\/vc_column_text][\/vc_column_inner][\/vc_row_inner][vc_row_inner content_placement=&#8221;middle&#8221;][vc_column_inner width=&#8221;1\/2&#8243;][vc_icon icon_fontawesome=&#8221;fa fa-phone&#8221; color=&#8221;white&#8221; background_style=&#8221;rounded&#8221; background_color=&#8221;secondary_color_background&#8221; align=&#8221;center&#8221; css_animation=&#8221;flipInX&#8221; el_class=&#8221;contact_icon&#8221;][\/vc_column_inner][vc_column_inner width=&#8221;1\/2&#8243;][vc_column_text css=&#8221;.vc_custom_1771953757721{border-right-width: 1px !important;padding-right: 0px [&hellip;]","protected":false},"author":1,"featured_media":5077,"parent":0,"menu_order":0,"comment_status":"closed","ping_status":"open","template":"homepage.php","meta":{"footnotes":""},"class_list":["post-253","page","type-page","status-publish","has-post-thumbnail","hentry"],"_links":{"self":[{"href":"https:\/\/www.autosvalls.com\/pt\/wp-json\/wp\/v2\/pages\/253","targetHints":{"allow":["GET"]}}],"collection":[{"href":"https:\/\/www.autosvalls.com\/pt\/wp-json\/wp\/v2\/pages"}],"about":[{"href":"https:\/\/www.autosvalls.com\/pt\/wp-json\/wp\/v2\/types\/page"}],"author":[{"embeddable":true,"href":"https:\/\/www.autosvalls.com\/pt\/wp-json\/wp\/v2\/users\/1"}],"replies":[{"embeddable":true,"href":"https:\/\/www.autosvalls.com\/pt\/wp-json\/wp\/v2\/comments?post=253"}],"version-history":[{"count":1,"href":"https:\/\/www.autosvalls.com\/pt\/wp-json\/wp\/v2\/pages\/253\/revisions"}],"predecessor-version":[{"id":35436,"href":"https:\/\/www.autosvalls.com\/pt\/wp-json\/wp\/v2\/pages\/253\/revisions\/35436"}],"wp:featuredmedia":[{"embeddable":true,"href":"https:\/\/www.autosvalls.com\/pt\/wp-json\/wp\/v2\/media\/5077"}],"wp:attachment":[{"href":"https:\/\/www.autosvalls.com\/pt\/wp-json\/wp\/v2\/media?parent=253"}],"curies":[{"name":"wp","href":"https:\/\/api.w.org\/{rel}","templated":true}]}}