{"id":20759,"date":"2022-02-03T11:12:36","date_gmt":"2022-02-03T11:12:36","guid":{"rendered":"https:\/\/www.autosvalls.com\/?page_id=20759"},"modified":"2022-02-03T11:12:36","modified_gmt":"2022-02-03T11:12:36","slug":"alquiler-coches-menorca-imserso","status":"publish","type":"page","link":"https:\/\/www.autosvalls.com\/pt\/ofertas\/alquiler-coches-menorca-imserso\/","title":{"rendered":"Alquiler Coches IMSERSO Menorca"},"content":{"rendered":"<div class=\"wpb-content-wrapper\"><p>[vc_row full_width=&#8221;stretch_row_content_no_spaces&#8221;][vc_column][vc_column_text]<div class=\"car-rental-wrapper car-rental-offers-list\">\n\t\t\t\t\t\t<div class=\"row row-eq-height-all mb-8 single-offer-header\" style=\"background-image:url(https:\/\/www.autosvalls.com\/pt\/wp-content\/uploads\/CarRentalGallery\/big_thumb_1681733914_imserso.jpg)\">\n\t\t\t\t<div class=\"col-xs-12 col-sm-7 hidden-xs\"><\/div>\n\t\t\t\t<div class=\"col-xs-12 col-sm-5 vcenter-all px-8 single-offer-title-wrapper\">\n\t\t\t\t\t<h1 class=\"slider-offer-title mt-0\">Alquiler Coches Imserso Menorca<\/h1>\n\t\t\t\t\t<p class=\"mt-0\">Alquila tu coche en Menorca con las ofertas especiales para Imserso, Mundo Social y Mundosenior de Autos Valls. Disfruta de veh\u00edculos nuevos, seguro a todo riesgo, kilometraje ilimitado y entrega en tu hotel, aeropuerto o puerto de Menorca.<\/p>\n\t\t\t\t\t<a href=\"#!offer-types-1\"\n\t\t\t\t\t   class=\"button slider-offer-book\">Ver ofertas<\/a>\n\t\t\t\t<\/div>\n\t\t\t<\/div>\n\t\t\t<div class=\"row mt-10\" id=\"offer-types-1\">\n\t\t\t\t<div class=\"col-xs-12 col-md-10 col-lg-9 center-block\" style=\"float:none\">\n\t\t\t\t\t<div class=\"row row-eq-height\">\n\t\t\t\t\t\t\t\t\t\t\t\t\t<h3 class=\"no-items-available text-center\">N\u00e3o existem ofertas dispon\u00edveis neste momento.<\/h3>\n\t\t\t\t\t\t\t\t\t\t\t<\/div>\n\t\t\t\t<\/div>\n\t\t\t<\/div>\n\t\t\t<\/div>\n<script type=\"text\/javascript\">\n    jQuery(document).ready(function () {\n        jQuery('.fancybox').fancybox();\n    });\n<\/script>[\/vc_column_text][\/vc_column][\/vc_row][vc_row][vc_column][vc_column_text css=&#8221;&#8221;]<\/p>\n<h2>Alquiler Coches IMSERSO Menorca<\/h2>\n<p>Disfruta tus vacaciones en Menorca con el servicio de alquiler de coches imserso Menorca de Autos Valls. Aprovecha al m\u00e1ximo tu tiempo explorando esta hermosa isla con total libertad y comodidad.<\/p>\n<p>Nuestro servicio de alquiler de coches imserso Menorca te brinda la flexibilidad de moverte a tu propio ritmo y descubrir todos los rincones de la isla. Ya sea que desees relajarte en las impresionantes playas de aguas cristalinas o explorar los encantadores pueblos y sitios hist\u00f3ricos, contar con un coche de alquiler har\u00e1 que tu experiencia sea mucho m\u00e1s placentera.<\/p>\n<p>Con Autos Valls, puedes estar seguro de contar con veh\u00edculos de calidad y en excelente estado. Nuestra flota de coches ofrece una amplia variedad de modelos para adaptarse a tus necesidades, desde compactos y econ\u00f3micos hasta SUVs espaciosos. Todos nuestros coches Nuevos y est\u00e1n bien mantenidos y cuentan con las caracter\u00edsticas y comodidades necesarias para que tu viaje sea c\u00f3modo y seguro.<\/p>\n<p>Adem\u00e1s, al elegir nuestro servicio de alquiler de coches imserso Menorca, obtendr\u00e1s beneficios exclusivos. Disfrutar\u00e1s de tarifas competitivas, seguro incluido y kilometraje ilimitado, lo que te permitir\u00e1 recorrer la isla sin preocupaciones.<\/p>\n<p>No pierdas la oportunidad de descubrir todos los tesoros que Menorca tiene para ofrecer. Alquila un coche imserso Menorca de Autos Valls y vive una experiencia inolvidable en esta hermosa isla mediterr\u00e1nea.<\/p>\n<p>\u00a1Reserva ahora y prep\u00e1rate para disfrutar de tus vacaciones en Menorca con total libertad y comodidad!<\/p>\n<p>&nbsp;<\/p>\n<p>Autos Valls, se especializa en alquiler de coches y estamos ubicados convenientemente cerca de los Siguientes hoteles. Si est\u00e1 interesado en alquilar un coche durante su estad\u00eda, no dude en ponerse en contacto con nosotros.<\/p>\n<p>Ofrecemos servicios de alquiler de coches para aquellos que se hospedan en las siguientes Ubicaciones de Menorca.<\/p>\n<p><strong><a href=\"https:\/\/www.autosvalls.com\/pt\/oficinas-alquiler-coches-menorca\/\">Oficinas Alquiler Coches Menorca.<\/a><\/strong><\/p>\n<p><a href=\"https:\/\/www.autosvalls.com\/pt\/alquiler-de-coches-en\/mahon-centro\/\">Alquiler de Coches en Mahon\u00a0\u00a0<\/a>&#8211; <a href=\"https:\/\/www.autosvalls.com\/pt\/alquiler-de-coches-en\/puerto-mahon\/\">Alquiler Coches Puerto Mahon &#8211;\u00a0<\/a> <a href=\"https:\/\/www.autosvalls.com\/pt\/alquiler-de-coches-en\/arenal-den-castell\/\">Alquiler Coche Arenal d\u2019en Castell &#8211;\u00a0<\/a><a href=\"https:\/\/www.autosvalls.com\/pt\/alquiler-de-coches-en\/alquiler-coches-son-parc\/\">Alquiler Coches Son Parc &#8211;\u00a0<\/a><a href=\"https:\/\/www.autosvalls.com\/pt\/alquiler-de-coches-en\/alquiler-coches-son-bou\/\">Alquiler Coches Son Bou &#8211;\u00a0<\/a><a href=\"https:\/\/www.autosvalls.com\/pt\/alquiler-de-coches-en\/san-jaime\/\">Alquiler Coches San Jaime &#8211;\u00a0<\/a><a href=\"https:\/\/www.autosvalls.com\/pt\/alquiler-de-coches-en\/punta-prima\/\">Alquiler Coches Punta Prima &#8211; <\/a><a href=\"https:\/\/www.autosvalls.com\/pt\/alquiler-de-coches-en\/hotel-sur-menorca\/\">Alquiler Coches Hotel Sur Menorca &#8211;\u00a0<\/a><a href=\"https:\/\/www.autosvalls.com\/pt\/alquiler-de-coches-en\/playas-de-fornells\/\">Alquiler Coches Fornells &#8211;\u00a0<\/a><a href=\"https:\/\/www.autosvalls.com\/pt\/alquiler-de-coches-en\/cala-galdana\/\">Alquiler Coche Cala Galdana\u00a0<\/a>&#8211; <a href=\"https:\/\/www.autosvalls.com\/pt\/alquiler-de-coches-en\/hotel-cala-galdana\/\">Alquiler de Coches Hotel Cala Galdana.<\/a><\/p>\n<p>Planifica tus vacaciones en Menorca con Imserso y reserva un coche de alquiler para descubrir todos sus encantos. \u00a1No te lo pierdas!<\/p>\n<p>[\/vc_column_text][\/vc_column][\/vc_row][vc_row][vc_column][vc_column_text css=&#8221;&#8221;]<\/p>\n<h3 style=\"text-align: center\"><strong>Ofertas especiales alquiler coches clientes Imserso, Mundo Social Menorca<\/strong><\/h3>\n<p style=\"text-align: center\"><a href=\"https:\/\/www.autosvalls.com\/pt\/alquiler-de-coches-en\/arenal-den-castell\/\"><strong>Hotel aguamarina Arenal den Castell Menorca. &#8211;\u00a0 <\/strong><\/a><a href=\"https:\/\/www.autosvalls.com\/pt\/alquiler-de-coches-en\/hotel-sur-menorca\/\"><strong>Hotel Sur Menorca.\u00a0 &#8211; <\/strong><\/a>\u00a0<a href=\"https:\/\/www.autosvalls.com\/pt\/alquiler-de-coches-en\/cala-galdana\/\"><strong>Hotel Cala Galdana. &#8211;\u00a0 <\/strong><\/a><strong><a title=\"Alquiler coche Hotel Hamilton\" href=\"https:\/\/www.autosvalls.com\/pt\/alquiler-de-coches-en\/es-castell\/\" target=\"_blank\" rel=\"noopener\">Hotel Barcelo Hamilton. &#8211; <\/a><\/strong><a href=\"https:\/\/www.autosvalls.com\/pt\/alquiler-de-coches-en\/aeropuerto-de-menorca\/\"><strong>Aeropuerto Menorca.<\/strong><\/a> <a title=\"Son bou\" href=\"https:\/\/www.autosvalls.com\/pt\/alquiler-de-coches-en\/alquiler-coches-son-bou\/\"><strong>Hotel Milanos Pinguinos Son Bou.<\/strong><\/a><\/p>\n<h3 style=\"text-align: center\"><span style=\"color: #3366ff\"><strong>Para reservas fuera del horario oficina contacte con nosotros al Tel\u00e9fono: 971 57 37 40<\/strong><\/span><\/h3>\n<p>&nbsp;<\/p>\n<p>[\/vc_column_text][\/vc_column][\/vc_row]<\/p><\/div>","protected":false},"excerpt":{"rendered":"[vc_row full_width=&#8221;stretch_row_content_no_spaces&#8221;][vc_column][vc_column_text][\/vc_column_text][\/vc_column][\/vc_row][vc_row][vc_column][vc_column_text css=&#8221;&#8221;] Alquiler Coches IMSERSO Menorca Disfruta tus vacaciones en Menorca con el servicio de alquiler de coches imserso Menorca de Autos Valls. Aprovecha al m\u00e1ximo tu tiempo explorando esta hermosa isla con total libertad y comodidad. Nuestro servicio de alquiler de coches imserso Menorca te brinda la flexibilidad de moverte a tu propio [&hellip;]","protected":false},"author":1,"featured_media":21239,"parent":20746,"menu_order":0,"comment_status":"closed","ping_status":"closed","template":"homepage.php","meta":{"footnotes":""},"class_list":["post-20759","page","type-page","status-publish","has-post-thumbnail","hentry"],"_links":{"self":[{"href":"https:\/\/www.autosvalls.com\/pt\/wp-json\/wp\/v2\/pages\/20759","targetHints":{"allow":["GET"]}}],"collection":[{"href":"https:\/\/www.autosvalls.com\/pt\/wp-json\/wp\/v2\/pages"}],"about":[{"href":"https:\/\/www.autosvalls.com\/pt\/wp-json\/wp\/v2\/types\/page"}],"author":[{"embeddable":true,"href":"https:\/\/www.autosvalls.com\/pt\/wp-json\/wp\/v2\/users\/1"}],"replies":[{"embeddable":true,"href":"https:\/\/www.autosvalls.com\/pt\/wp-json\/wp\/v2\/comments?post=20759"}],"version-history":[{"count":0,"href":"https:\/\/www.autosvalls.com\/pt\/wp-json\/wp\/v2\/pages\/20759\/revisions"}],"up":[{"embeddable":true,"href":"https:\/\/www.autosvalls.com\/pt\/wp-json\/wp\/v2\/pages\/20746"}],"wp:featuredmedia":[{"embeddable":true,"href":"https:\/\/www.autosvalls.com\/pt\/wp-json\/wp\/v2\/media\/21239"}],"wp:attachment":[{"href":"https:\/\/www.autosvalls.com\/pt\/wp-json\/wp\/v2\/media?parent=20759"}],"curies":[{"name":"wp","href":"https:\/\/api.w.org\/{rel}","templated":true}]}}