{"id":1853,"date":"2018-02-18T06:16:07","date_gmt":"2018-02-18T05:16:07","guid":{"rendered":"http:\/\/www.wpcarrental.com\/modern\/?page_id=1853"},"modified":"2018-02-18T06:16:07","modified_gmt":"2018-02-18T05:16:07","slug":"sobre-nosotros-auto-valls-menorca","status":"publish","type":"page","link":"https:\/\/www.autosvalls.com\/pt\/sobre-nosotros-auto-valls-menorca\/","title":{"rendered":"Sobre nosotros"},"content":{"rendered":"<div class=\"wpb-content-wrapper\">[vc_row equal_height=&#8221;yes&#8221; content_placement=&#8221;middle&#8221;][vc_column width=&#8221;1\/2&#8243;][vc_single_image image=&#8221;4155&#8243; img_size=&#8221;450\u200a\u00d7\u200a408&#8243; alignment=&#8221;center&#8221;][\/vc_column][vc_column width=&#8221;1\/2&#8243; css=&#8221;.vc_custom_1611446513519{margin-bottom: 32px !important;padding-top: 0px !important;}&#8221;][vc_column_text css=&#8221;.vc_custom_1623479423614{margin-bottom: 50px !important;padding-top: 32px !important;}&#8221;]\n<div class=\"big bold sc-c\">M\u00e1s de 40 a\u00f1os alquilando coches en Menorca<\/div>\n<span class=\"med grey\">Garantizamos total claridad en los t\u00e9rminos y condiciones del alquiler. Puedes consultar nuestra pol\u00edtica de combustible, franquicias y dep\u00f3sitos, cobertura de seguros, condiciones de uso, pol\u00edtica de combustible etc. en &#8220;Condiciones Generales de Reserva&#8221;. Si todav\u00eda te quedan dudas y deseas ser atendido por un operador puedes contactar con nosotros por <strong>tel\u00e9fono al 971 57 37 40<\/strong> o correo electr\u00f3nico.<\/span>\n<div class=\"big bold sc-c\"><strong>Sin sorpresas al recoger tu coche o moto<\/strong><\/div>\n<span class=\"med grey\">Los precios que aparecen en nuestra p\u00e1gina web son definitivos, sin costes adicionales, ni cargos ocultos, ni pagos adelantados por el combustible. Nuestra tarifa incluye Seguro de Responsabilidad Civil y voluntaria hasta 50.000.000\u20ac, Seguro Ocupantes, Cobertura de Robo, Asistencia en carretera, Kilometraje ilimitado, Combustible Lleno &#8211; Lleno, Sin costes por Llenado, Tasas. Tambi\u00e9n ofrecemos la posibilidad de contratar un seguro Premium sin franquicia para disfrutar tus vacaciones con total tranquilidad.<\/span>\n<div class=\"big bold sc-c\">Ventajas de alquilar tu coche con Autos Valls Rent a Car<\/div>\n<span class=\"med grey\">Podr\u00e1s disfrutar de tu veh\u00edculo de alquiler a un precio muy econ\u00f3mico, contratando con una empresa 100% local pudiendo moverte con total libertad por la isla. No somos agencia, ni br\u00f3ker. Ah\u00f3rrate las comisiones y reserva directamente con nosotros <strong>No aplicamos<\/strong>\u00a0<b>cargos por cambio o modificaci\u00f3n de la reserva<\/b>\u00a0mediante comisiones elevadas.<\/span>[\/vc_column_text][\/vc_column][\/vc_row][vc_row full_width=&#8221;stretch_row&#8221; el_class=&#8221;primary_color_background box_shadow&#8221; css=&#8221;.vc_custom_1551678287611{padding-top: 64px !important;padding-right: 15px !important;padding-bottom: 64px !important;padding-left: 15px !important;}&#8221;][vc_column width=&#8221;1\/2&#8243; css=&#8221;.vc_custom_1551678127245{padding-top: 16px !important;padding-bottom: 16px !important;}&#8221; offset=&#8221;vc_col-lg-3 vc_col-md-3&#8243;][vc_row_inner][vc_column_inner width=&#8221;1\/4&#8243;][vc_icon icon_fontawesome=&#8221;fa fa-heart&#8221; color=&#8221;secondary_color&#8221; size=&#8221;lg&#8221; align=&#8221;center&#8221; css_animation=&#8221;flipInX&#8221; css=&#8221;.vc_custom_1551678384251{margin-bottom: 10px !important;}&#8221;][\/vc_column_inner][vc_column_inner width=&#8221;3\/4&#8243;]<div><div class=\"stat_counter_wrapper white\"><div id=\"wpcr-counter784384\" class=\"stat_counter default\" data-count_to=\"12301\">-<\/div><div class=\"stat_title\">Clientes Satisfechos<\/div><\/div><\/div>[\/vc_column_inner][\/vc_row_inner][\/vc_column][vc_column width=&#8221;1\/2&#8243; css=&#8221;.vc_custom_1551678132917{padding-top: 16px !important;padding-bottom: 16px !important;}&#8221; offset=&#8221;vc_col-lg-3 vc_col-md-3&#8243;][vc_row_inner][vc_column_inner width=&#8221;1\/4&#8243;][vc_icon icon_fontawesome=&#8221;fas fa-car&#8221; color=&#8221;secondary_color&#8221; size=&#8221;lg&#8221; align=&#8221;center&#8221; css_animation=&#8221;flipInX&#8221; css=&#8221;.vc_custom_1605391932248{margin-bottom: 10px !important;}&#8221;][\/vc_column_inner][vc_column_inner width=&#8221;3\/4&#8243;]<div><div class=\"stat_counter_wrapper white\"><div id=\"wpcr-counter250836\" class=\"stat_counter default\" data-count_to=\"12722\">-<\/div><div class=\"stat_title\">Total Coches Alquilados<\/div><\/div><\/div>[\/vc_column_inner][\/vc_row_inner][\/vc_column][vc_column width=&#8221;1\/2&#8243; css=&#8221;.vc_custom_1551678141723{padding-top: 16px !important;padding-bottom: 16px !important;}&#8221; offset=&#8221;vc_col-lg-3 vc_col-md-3&#8243;][vc_row_inner][vc_column_inner width=&#8221;1\/4&#8243;][vc_icon icon_fontawesome=&#8221;fa fa-map-marker&#8221; color=&#8221;secondary_color&#8221; size=&#8221;lg&#8221; align=&#8221;center&#8221; css_animation=&#8221;flipInX&#8221; css=&#8221;.vc_custom_1551678393392{margin-bottom: 10px !important;}&#8221;][\/vc_column_inner][vc_column_inner width=&#8221;3\/4&#8243;]<div><div class=\"stat_counter_wrapper white\"><div id=\"wpcr-counter403763\" class=\"stat_counter default\" data-count_to=\"18\">-<\/div><div class=\"stat_title\">Sucursales Abiertas<\/div><\/div><\/div>[\/vc_column_inner][\/vc_row_inner][\/vc_column][vc_column width=&#8221;1\/2&#8243; css=&#8221;.vc_custom_1551678146263{padding-top: 16px !important;padding-bottom: 16px !important;}&#8221; offset=&#8221;vc_col-lg-3 vc_col-md-3&#8243;][vc_row_inner][vc_column_inner width=&#8221;1\/4&#8243;][vc_icon icon_fontawesome=&#8221;fa fa-calendar-check-o&#8221; color=&#8221;secondary_color&#8221; size=&#8221;lg&#8221; align=&#8221;center&#8221; css_animation=&#8221;flipInX&#8221; css=&#8221;.vc_custom_1551678398341{margin-bottom: 10px !important;}&#8221;][\/vc_column_inner][vc_column_inner width=&#8221;3\/4&#8243;]<div><div class=\"stat_counter_wrapper white\"><div id=\"wpcr-counter471679\" class=\"stat_counter default\" data-count_to=\"20001\">-<\/div><div class=\"stat_title\">Reservas realizadas<\/div><\/div><\/div>[\/vc_column_inner][\/vc_row_inner][\/vc_column][\/vc_row][vc_row css=&#8221;.vc_custom_1549260584699{padding-top: 64px !important;padding-bottom: 64px !important;}&#8221;][vc_column]<div class=\"fancy-title align_center\"><h2 class=\"vc_underline_title vc_title black\">Valores de la empresa<\/h2><div class=\"vc_underline secondary_color_background\"><\/div><\/div>[vc_column_text el_class=&#8221;align_center&#8221;]<strong>Compromiso, Responsabilidad, Implicaci\u00f3n, Actitud positiva, Adaptabilidad<\/strong>[\/vc_column_text][vc_column_text el_class=&#8221;align_center&#8221;]&#8221;Los peque\u00f1os detalles son los que nos dan la diferencia&#8221;[\/vc_column_text][vc_row_inner css=&#8221;.vc_custom_1549250696928{margin-top: 64px !important;}&#8221;][vc_column_inner width=&#8221;1\/3&#8243;][vc_icon icon_fontawesome=&#8221;fa fa-star&#8221; color=&#8221;primary_color&#8221; size=&#8221;xl&#8221; align=&#8221;center&#8221;][vc_column_text el_class=&#8221;align_center&#8221;]\n<h4 class=\"secondary_color\">M\u00e1s de 40 A\u00f1os alquilando Coches<\/h4>\nCada a\u00f1o renovamos nuestra flota para as\u00ed ofrecer una mayor seguridad y calidad en el alquiler y junto a ello ofrecemos una atenci\u00f3n personalizada al cliente siendo \u00e9sta nuestra mayor caracter\u00edstica en la empresa. De esta manera, la empresa ha podido generar la confianza de sus clientes habituales, atraer nuevos clientes y, as\u00ed, consolidarse en el mercado.[\/vc_column_text][\/vc_column_inner][vc_column_inner width=&#8221;1\/3&#8243;][vc_icon icon_fontawesome=&#8221;fa fa-wrench&#8221; color=&#8221;primary_color&#8221; size=&#8221;xl&#8221; align=&#8221;center&#8221;][vc_column_text el_class=&#8221;align_center&#8221;]\n<h4 class=\"secondary_color\">ASISTENCIA EN CARRETERA<\/h4>\nTodas nuestros coche y motos incluyen seguro de asistencia en carretera incluido en el precio.[\/vc_column_text][\/vc_column_inner][vc_column_inner width=&#8221;1\/3&#8243;][vc_icon icon_fontawesome=&#8221;fa fa-ticket&#8221; color=&#8221;primary_color&#8221; size=&#8221;xl&#8221; align=&#8221;center&#8221;][vc_column_text el_class=&#8221;align_center&#8221;]\n<h4 class=\"secondary_color\">Precios Todo Incluido<\/h4>\nNuestras tarifas son todo incluido e incluyen alquiler, seguros, 21% I.V.A. y servicio de Minibus gratuito de entrega y devoluci\u00f3n al aeropuerto Mahon &#8211; Menorca.[\/vc_column_text][\/vc_column_inner][\/vc_row_inner][\/vc_column][\/vc_row]<\/div>","protected":false},"excerpt":{"rendered":"[vc_row equal_height=&#8221;yes&#8221; content_placement=&#8221;middle&#8221;][vc_column width=&#8221;1\/2&#8243;][vc_single_image image=&#8221;4155&#8243; img_size=&#8221;450\u200a\u00d7\u200a408&#8243; alignment=&#8221;center&#8221;][\/vc_column][vc_column width=&#8221;1\/2&#8243; css=&#8221;.vc_custom_1611446513519{margin-bottom: 32px !important;padding-top: 0px !important;}&#8221;][vc_column_text css=&#8221;.vc_custom_1623479423614{margin-bottom: 50px !important;padding-top: 32px !important;}&#8221;] M\u00e1s de 40 a\u00f1os alquilando coches en Menorca Garantizamos total claridad en los t\u00e9rminos y condiciones del alquiler. Puedes consultar nuestra pol\u00edtica de combustible, franquicias y dep\u00f3sitos, cobertura de seguros, condiciones de uso, pol\u00edtica de combustible etc. [&hellip;]","protected":false},"author":1,"featured_media":5077,"parent":0,"menu_order":0,"comment_status":"closed","ping_status":"closed","template":"homepage.php","meta":{"footnotes":""},"class_list":["post-1853","page","type-page","status-publish","has-post-thumbnail","hentry"],"_links":{"self":[{"href":"https:\/\/www.autosvalls.com\/pt\/wp-json\/wp\/v2\/pages\/1853","targetHints":{"allow":["GET"]}}],"collection":[{"href":"https:\/\/www.autosvalls.com\/pt\/wp-json\/wp\/v2\/pages"}],"about":[{"href":"https:\/\/www.autosvalls.com\/pt\/wp-json\/wp\/v2\/types\/page"}],"author":[{"embeddable":true,"href":"https:\/\/www.autosvalls.com\/pt\/wp-json\/wp\/v2\/users\/1"}],"replies":[{"embeddable":true,"href":"https:\/\/www.autosvalls.com\/pt\/wp-json\/wp\/v2\/comments?post=1853"}],"version-history":[{"count":0,"href":"https:\/\/www.autosvalls.com\/pt\/wp-json\/wp\/v2\/pages\/1853\/revisions"}],"wp:featuredmedia":[{"embeddable":true,"href":"https:\/\/www.autosvalls.com\/pt\/wp-json\/wp\/v2\/media\/5077"}],"wp:attachment":[{"href":"https:\/\/www.autosvalls.com\/pt\/wp-json\/wp\/v2\/media?parent=1853"}],"curies":[{"name":"wp","href":"https:\/\/api.w.org\/{rel}","templated":true}]}}