{"id":2256,"date":"2024-07-09T06:54:05","date_gmt":"2024-07-09T04:54:05","guid":{"rendered":"https:\/\/www.autosvalls.com\/it\/?page_id=2256"},"modified":"2024-07-09T07:11:01","modified_gmt":"2024-07-09T05:11:01","slug":"keyless-rent-a-car","status":"publish","type":"page","link":"https:\/\/www.autosvalls.com\/it\/keyless-rent-a-car\/","title":{"rendered":"Keyless Rent a Car"},"content":{"rendered":"<div class=\"wpb-content-wrapper\"><p>[vc_row full_width=&#8221;stretch_row&#8221; full_height=&#8221;yes&#8221; columns_placement=&#8221;top&#8221; css=&#8221;.vc_custom_1714332394740{margin-top: -100px !important;background-image: url(https:\/\/www.autosvalls.com\/wp-content\/uploads\/2024\/04\/header.jpg?id=34800) !important;background-position: center !important;background-repeat: no-repeat !important;background-size: cover !important;}&#8221;][vc_column][vc_row_inner css=&#8221;.vc_custom_1714332456667{margin-top: 100px !important;}&#8221;][vc_column_inner][vc_column_text css=&#8221;&#8221; el_class=&#8221;title-h1&#8243;]Come funziona?[\/vc_column_text]<div class=\"fancy-title wpb_animate_when_almost_visible wpb_fadeIn fadeIn align_center\"><h1 class=\"vc_underline_title vc_title white\">Scopri l&#039;esperienza di noleggiare un&#039;auto Keyless a Minorca<\/h1><\/div>[\/vc_column_inner][\/vc_row_inner][\/vc_column][\/vc_row][vc_row full_width=&#8221;stretch_row&#8221; full_height=&#8221;yes&#8221; content_placement=&#8221;middle&#8221; css=&#8221;.vc_custom_1714333584423{background-color: #f9f9f9 !important;}&#8221;][vc_column width=&#8221;1\/2&#8243;][vc_column_text css=&#8221;&#8221;]<\/p>\r\n<h1>Passo 1:<\/h1>\r\n<h2>Inizia la tua avventura!<\/h2>\r\n<h3>Prenota la tua auto Keyless e scegli quando e dove vuoi andare<\/h3>\r\n<p>Con <strong>Autos Valls<\/strong> ti offriamo un processo di prenotazione in 5 passi affinch\u00e9 tu possa goderti il tuo viaggio senza preoccupazioni!<\/p>\r\n<p>Nel <strong>primo passo, prenota il tuo veicolo<\/strong> selezionando quando e dove ne hai bisogno.<\/p>\r\n<p>Poi, nel <strong>secondo passo, verifica i dettagli<\/strong> della tua prenotazione per assicurarti che tutto sia in ordine.<\/p>\r\n<p>Una volta fatto questo, nel <strong>terzo passo, localizza facilmente il tuo veicolo<\/strong> nella nostra ubicazione designata. \u00c8 ora di guidare!<\/p>\r\n<p>Nel <strong>quarto passo, goditi l&#8217;esperienza alla guida<\/strong> mentre ti sposti verso la tua destinazione.<\/p>\r\n<p>E infine, nel <strong>quinto passo, restituisci la tua auto Keyless<\/strong> nel luogo e tempo concordati. Pronto per tornare a casa con un sorriso sul viso dopo un viaggio perfetto! \ud83d\ude97\u2728<br \/>\r\n[\/vc_column_text][\/vc_column][vc_column width=&#8221;1\/2&#8243;][vc_single_image image=&#8221;2265&#8243; img_size=&#8221;large&#8221; alignment=&#8221;center&#8221; css=&#8221;&#8221;][\/vc_column][\/vc_row][vc_row full_width=&#8221;stretch_row&#8221; full_height=&#8221;yes&#8221; content_placement=&#8221;middle&#8221;][vc_column width=&#8221;1\/2&#8243;][vc_single_image image=&#8221;2267&#8243; img_size=&#8221;large&#8221; alignment=&#8221;center&#8221; css=&#8221;&#8221;][\/vc_column][vc_column width=&#8221;1\/2&#8243;][vc_column_text css=&#8221;&#8221;]<\/p>\r\n<h1>Passo 2:<\/h1>\r\n<h2>Verifica i Dettagli!<\/h2>\r\n<h3>Assicura il tuo Viaggio con Fiducia<\/h3>\r\n<p>Una volta che avremo <strong>confermato la tua prenotazione<\/strong>, riceverai accesso alla nostra pagina di &#8220;<strong>check-in<\/strong>&#8220;, dove troverai tutto ci\u00f2 di cui hai bisogno per garantire un viaggio senza complicazioni. Inoltre, ti invieremo una <strong>email<\/strong> dettagliata con tutte le istruzioni necessarie per accedere al tuo veicolo e per rivedere i dettagli della <strong>tua prenotazione<\/strong>.<\/p>\r\n<p>Su questa piattaforma, avrai l&#8217;opportunit\u00e0 di <strong>caricare i tuoi documenti<\/strong> in modo conveniente e sicuro, cos\u00ec come di effettuare il pagamento del deposito della tua prenotazione. Troverai anche link utili per aprire e chiudere il tuo veicolo in modo remoto, offrendoti totale <strong>comodit\u00e0 e controllo<\/strong> durante tutto il processo.<\/p>\r\n<p>Il nostro obiettivo \u00e8 fornirti la <strong>migliore esperienza possibile<\/strong> dal momento in cui confermi la tua prenotazione fino alla restituzione del veicolo, e la pagina di &#8220;<strong>check-in<\/strong>&#8221; \u00e8 parte fondamentale di questo impegno. Siamo qui per rendere il tuo viaggio ancora pi\u00f9 piacevole e <strong>senza preoccupazioni<\/strong>![\/vc_column_text][\/vc_column][\/vc_row][vc_row full_width=&#8221;stretch_row&#8221; full_height=&#8221;yes&#8221; content_placement=&#8221;middle&#8221; css=&#8221;.vc_custom_1714334220472{background-color: #00a6e2 !important;}&#8221;][vc_column width=&#8221;1\/2&#8243;][vc_column_text css=&#8221;&#8221;]<\/p>\r\n<h1><span style=\"color: #ffffff;\">Passo 3:<\/span><\/h1>\r\n<h2><span style=\"color: #ffffff;\">Localizza il Tuo Veicolo<\/span><\/h2>\r\n<h3><span style=\"color: #ffffff;\">Prepara il Tuo Percorso con Tutto il Necessario<\/span><\/h3>\r\n<p><span style=\"color: #ffffff;\">Localizza facilmente il tuo veicolo <strong>Valls Keyless&amp;Go<\/strong>!<\/span><\/p>\r\n<p><span style=\"color: #ffffff;\">Una volta <strong>confermata la tua prenotazione<\/strong>, riceverai un link via email progettato per portarti direttamente al tuo veicolo. Questo link ti permetter\u00e0 di aprire la tua auto rapidamente e facilmente, senza bisogno di chiavi fisiche.<\/span><\/p>\r\n<p><span style=\"color: #ffffff;\">Per trovare la posizione esatta del tuo veicolo, semplicemente <strong>segui le istruzioni<\/strong> dettagliate nel tuo pannello di prenotazione e nella pagina di check-in. Queste indicazioni ti guideranno passo dopo passo fino a <strong>dove \u00e8 parcheggiata la tua auto<\/strong>, assicurando che il tuo arrivo sia il pi\u00f9 fluido possibile.<\/span><\/p>\r\n<p><span style=\"color: #ffffff;\">Non preoccuparti, <strong>siamo qui per rendere tutto il processo il pi\u00f9 facile<\/strong> e conveniente per te. Segui le istruzioni fornite e preparati a goderti il tuo viaggio senza intoppi!<\/span>[\/vc_column_text][\/vc_column][vc_column width=&#8221;1\/2&#8243;][vc_single_image image=&#8221;2260&#8243; img_size=&#8221;large&#8221; alignment=&#8221;center&#8221; css=&#8221;&#8221;][\/vc_column][\/vc_row][vc_row full_width=&#8221;stretch_row&#8221; full_height=&#8221;yes&#8221; content_placement=&#8221;middle&#8221;][vc_column width=&#8221;1\/2&#8243;][vc_single_image image=&#8221;2261&#8243; img_size=&#8221;large&#8221; alignment=&#8221;center&#8221; css=&#8221;&#8221;][\/vc_column][vc_column width=&#8221;1\/2&#8243;][vc_column_text css=&#8221;&#8221;]<\/p>\r\n<h1>Passo 4:<\/h1>\r\n<h2>Goditi la Guida!<\/h2>\r\n<h3>Senza Chiavi nel Tuo Auto a Noleggio Valls Keyless<\/h3>\r\n<p>Prima di iniziare il tuo noleggio di auto Keyless, riceverai un <strong>link esclusivo<\/strong> via email che ti porter\u00e0 direttamente alla tua auto.<\/p>\r\n<p><strong>Dimentica le attese e le code;<\/strong> con questo link, potrai dirigerti direttamente al tuo veicolo. Con solo alcuni clic, aprirai la tua auto in pochi secondi dal tuo telefono mobile.<\/p>\r\n<p><strong>Preparati a iniziare il tuo viaggio senza ritardi<\/strong> e a goderti la libert\u00e0 della strada senza complicazioni![\/vc_column_text][\/vc_column][\/vc_row][vc_row full_width=&#8221;stretch_row&#8221; full_height=&#8221;yes&#8221; content_placement=&#8221;middle&#8221; css=&#8221;.vc_custom_1714333584423{background-color: #f9f9f9 !important;}&#8221;][vc_column width=&#8221;1\/2&#8243;][vc_column_text css=&#8221;&#8221;]<\/p>\r\n<h1>Passo 5:<\/h1>\r\n<h2>Ritorno Rapido e Semplice!<\/h2>\r\n<h3>Del tuo Veicolo Equipaggiato con la Tecnologia Autos Valls Keyless.<\/h3>\r\n<p>Capiamo quanto possa essere difficile dire addio al tuo veicolo, per questo abbiamo <strong>semplificato al massimo<\/strong> il processo di restituzione.<\/p>\r\n<p>Quando sei pronto, semplicemente <strong>parcheggia la tua auto nello stesso posto dove l&#8217;hai ritirata<\/strong>, metti la chiave nella guantiera, assicurati di chiudere l&#8217;auto e il gioco \u00e8 fatto! \u00c8 cos\u00ec facile.<\/p>\r\n<p>Vogliamo che la tua esperienza sia il pi\u00f9 fluida possibile fino all&#8217;ultimo momento, cos\u00ec potrai <strong>congedarti dal tuo viaggio con un sorriso.<\/strong><br \/>\r\n[\/vc_column_text][\/vc_column][vc_column width=&#8221;1\/2&#8243;][vc_single_image image=&#8221;2262&#8243; img_size=&#8221;large&#8221; alignment=&#8221;center&#8221; css=&#8221;&#8221;][\/vc_column][\/vc_row][vc_row][vc_column][vc_column_text css=&#8221;.vc_custom_1720501253759{margin-bottom: 0px !important;}&#8221;]<\/p>\r\n<h2 style=\"text-align: center;\">Keyless come funziona il noleggio auto<\/h2>\r\n<p><form id=\"formElem\" name=\"formElem\" action=\"https:\/\/www.autosvalls.com\/it\/processo-di-prenotazione\/\" method=\"post\" class=\"mb-8\">\r\n\t<div class=\"step1 inline_form pr-bg px-8 pt-8 pb-5 big_border_radius\" id=\"search_form_jd\">\r\n\t\t<div class=\"row\">\r\n\t\t\t<div class=\"col-xs-12 col-sm-6\">\r\n\t\t\t\t<div class=\"row search-details-jd\">\r\n\t\t\t\t\t<div class=\"col-xs-12 col-lg-6\">\r\n\t\t\t\t\t\t<div class=\"form-group\">\r\n\t\t\t\t\t\t\t<i class=\"fa fa-map-marker-alt absolute mt-4 secondary_color\"><\/i>\r\n\t\t\t\t\t\t\t<select name=\"pickup_location_id\" class=\"form-control pickup-location form_title\" id=\"pickup_location_id\">\r\n\t\t\t\t\t\t\t\t<option value=\"0\">Selezionare<\/option><option value=\"79\">Aeroporto di Minorca - Curniola, 32<\/option><option value=\"96\">Arenal den Castell - Via dei Negozi Coves Noves<\/option><option value=\"80\">Binibeca - Via Commerciale Locale 1<\/option><option value=\"83\">Cala Galdana - C.Comercial Serpentona.<\/option><option value=\"101\">Calan Bosch - C. comercial Calan Bosch<\/option><option value=\"81\">Grupotel Mar De Menorca - C. comercial Mar de Menorca<\/option><option value=\"85\">Hotel Cala Galdana<\/option><option value=\"88\">Mahon Centro - Plaza Espa\u00f1a, 13<\/option><option value=\"90\">Playas de Fornells - C. comercial, Local 4.<\/option><option value=\"91\">Porto Mahon - Moll de Ponent 23<\/option><option value=\"92\">Punta Prima - Carrer Mestral n\u00ba 3<\/option><option value=\"93\">Son Bou - Milanos Ping\u00fcinos - Royal Son Bou - C. Comercial Son Bou<\/option><option value=\"94\">Son Bou - San Jaime - Torre Soli - C. Comercial San Jaime<\/option><option value=\"95\">Son Parc - Vial del Arenal 3<\/option>\t\t\t\t\t\t\t<\/select>\r\n\t\t\t\t\t\t\t<label for=\"pickup_location_id\" class=\"filled\">\r\n\t\t\t\t\t\t\t\tLuogo di ritiro\t\t\t\t\t\t\t<\/label>\r\n\t\t\t\t\t\t<\/div>\r\n\t\t\t\t\t<\/div>\r\n\t\t\t\t\t<div class=\"col-xs-12 col-md-6 col-lg-3\">\r\n\t\t\t\t\t\t<div class=\"form-group\">\r\n\t\t\t\t\t\t\t<i class=\"fa fa-calendar absolute mt-4 secondary_color\"><\/i>\r\n\t\t\t\t\t\t\t<input type=\"text\" name=\"pickup_date\" id=\"pickup_date\"\r\n\t\t\t\t\t\t\t\t   value=\"14\/05\/2026\"\r\n\t\t\t\t\t\t\t\t   placeholder=\"\"\r\n\t\t\t\t\t\t\t\t   class=\"pickup-date form_title ml-1\"\r\n\t\t\t\t\t\t\t\t   readonly=\"readonly\" AUTOCOMPLETE=\"off\"\/>\r\n\t\t\t\t\t\t\t<label for=\"pickup_date\" class=\"filled\">\r\n\t\t\t\t\t\t\t\tData\t\t\t\t\t\t\t<\/label>\r\n\t\t\t\t\t\t<\/div>\r\n\t\t\t\t\t<\/div>\r\n\t\t\t\t\t<div class=\"col-xs-12 col-md-6 col-lg-3\">\r\n\t\t\t\t\t\t<div class=\"form-group\">\r\n\t\t\t\t\t\t\t<i class=\"fa fa-clock-o absolute mt-4 secondary_color\"><\/i>\r\n\t\t\t\t\t\t\t<select name=\"pickup_time\" class=\"form-control pickup-time form_title\" id=\"pickup_time\">\r\n\t\t\t\t\t\t\t\t<option value=\"00:00:00\">00:00<\/option><option value=\"00:30:00\">00:30<\/option><option value=\"01:00:00\">01:00<\/option><option value=\"01:30:00\">01:30<\/option><option value=\"02:00:00\">02:00<\/option><option value=\"02:30:00\">02:30<\/option><option value=\"03:00:00\">03:00<\/option><option value=\"03:30:00\">03:30<\/option><option value=\"04:00:00\">04:00<\/option><option value=\"04:30:00\">04:30<\/option><option value=\"05:00:00\">05:00<\/option><option value=\"05:30:00\">05:30<\/option><option value=\"06:00:00\">06:00<\/option><option value=\"06:30:00\">06:30<\/option><option value=\"07:00:00\">07:00<\/option><option value=\"07:30:00\">07:30<\/option><option value=\"08:00:00\">08:00<\/option><option value=\"08:30:00\">08:30<\/option><option value=\"09:00:00\">09:00<\/option><option value=\"09:30:00\">09:30<\/option><option value=\"10:00:00\" selected=\"selected\">10:00<\/option><option value=\"10:30:00\">10:30<\/option><option value=\"11:00:00\">11:00<\/option><option value=\"11:30:00\">11:30<\/option><option value=\"12:00:00\">12:00<\/option><option value=\"12:30:00\">12:30<\/option><option value=\"13:00:00\">13:00<\/option><option value=\"13:30:00\">13:30<\/option><option value=\"14:00:00\">14:00<\/option><option value=\"14:30:00\">14:30<\/option><option value=\"15:00:00\">15:00<\/option><option value=\"15:30:00\">15:30<\/option><option value=\"16:00:00\">16:00<\/option><option value=\"16:30:00\">16:30<\/option><option value=\"17:00:00\">17:00<\/option><option value=\"17:30:00\">17:30<\/option><option value=\"18:00:00\">18:00<\/option><option value=\"18:30:00\">18:30<\/option><option value=\"19:00:00\">19:00<\/option><option value=\"19:30:00\">19:30<\/option><option value=\"20:00:00\">20:00<\/option><option value=\"20:30:00\">20:30<\/option><option value=\"21:00:00\">21:00<\/option><option value=\"21:30:00\">21:30<\/option><option value=\"22:00:00\">22:00<\/option><option value=\"22:30:00\">22:30<\/option><option value=\"23:00:00\">23:00<\/option><option value=\"23:30:00\">23:30<\/option>\t\t\t\t\t\t\t<\/select>\r\n\t\t\t\t\t\t\t<label for=\"pickup_time\" class=\"filled\">\r\n\t\t\t\t\t\t\t\tOra\t\t\t\t\t\t\t<\/label>\r\n\t\t\t\t\t\t<\/div>\r\n\t\t\t\t\t<\/div>\r\n\t\t\t\t<\/div>\r\n\t\t\t<\/div>\r\n\t\t\t<div class=\"col-xs-12 col-sm-6\">\r\n\t\t\t\t<div class=\"row search-details-jd\">\r\n\t\t\t\t\t<div class=\"col-xs-12 col-lg-6\">\r\n\t\t\t\t\t\t<div class=\"form-group\">\r\n\t\t\t\t\t\t\t<i class=\"fa fa-map-marker-alt absolute mt-4 secondary_color\"><\/i>\r\n\t\t\t\t\t\t\t<select name=\"return_location_id\" class=\"form-control return-location form_title\" id=\"return_location_id\">\r\n\t\t\t\t\t\t\t\t<option value=\"0\">Selezionare<\/option><option value=\"79\">Aeroporto di Minorca - Curniola, 32<\/option><option value=\"96\">Arenal den Castell - Via dei Negozi Coves Noves<\/option><option value=\"80\">Binibeca - Via Commerciale Locale 1<\/option><option value=\"83\">Cala Galdana - C.Comercial Serpentona.<\/option><option value=\"101\">Calan Bosch - C. comercial Calan Bosch<\/option><option value=\"81\">Grupotel Mar De Menorca - C. comercial Mar de Menorca<\/option><option value=\"85\">Hotel Cala Galdana<\/option><option value=\"88\">Mahon Centro - Plaza Espa\u00f1a, 13<\/option><option value=\"90\">Playas de Fornells - C. comercial, Local 4.<\/option><option value=\"91\">Porto Mahon - Moll de Ponent 23<\/option><option value=\"92\">Punta Prima - Carrer Mestral n\u00ba 3<\/option><option value=\"93\">Son Bou - Milanos Ping\u00fcinos - Royal Son Bou - C. Comercial Son Bou<\/option><option value=\"94\">Son Bou - San Jaime - Torre Soli - C. Comercial San Jaime<\/option><option value=\"95\">Son Parc - Vial del Arenal 3<\/option>\t\t\t\t\t\t\t<\/select>\r\n\t\t\t\t\t\t\t<label for=\"return_location_id\" class=\"filled\">\r\n\t\t\t\t\t\t\t\tLuogo di riconsegna\t\t\t\t\t\t\t<\/label>\r\n\t\t\t\t\t\t<\/div>\r\n\t\t\t\t\t<\/div>\r\n\t\t\t\t\t<div class=\"col-xs-12 col-md-6 col-lg-3\">\r\n\t\t\t\t\t\t<div class=\"form-group\">\r\n\t\t\t\t\t\t\t<i class=\"fa fa-calendar absolute mt-4 secondary_color\"><\/i>\r\n\t\t\t\t\t\t\t<input type=\"text\" name=\"return_date\" class=\"return-date form_title ml-1\" id=\"return_date\"\r\n\t\t\t\t\t\t\t\t   value=\"21\/05\/2026\"\r\n\t\t\t\t\t\t\t\t   placeholder=\"Data:\"\r\n\t\t\t\t\t\t\t\t   readonly=\"readonly\" AUTOCOMPLETE=\"off\"\/>\r\n\t\t\t\t\t\t\t<label for=\"return_date\" class=\"filled\">\r\n\t\t\t\t\t\t\t\tData\t\t\t\t\t\t\t<\/label>\r\n\t\t\t\t\t\t<\/div>\r\n\t\t\t\t\t<\/div>\r\n\t\t\t\t\t<div class=\"col-xs-12 col-md-6 col-lg-3\">\r\n\t\t\t\t\t\t<div class=\"form-group\">\r\n\t\t\t\t\t\t\t<i class=\"fa fa-clock-o absolute mt-4 secondary_color\"><\/i>\r\n\t\t\t\t\t\t\t<select name=\"return_time\" class=\"form-control pickup-time form_title\" id=\"return_time\">\r\n\t\t\t\t\t\t\t\t<option value=\"00:00:00\">00:00<\/option><option value=\"00:30:00\">00:30<\/option><option value=\"01:00:00\">01:00<\/option><option value=\"01:30:00\">01:30<\/option><option value=\"02:00:00\">02:00<\/option><option value=\"02:30:00\">02:30<\/option><option value=\"03:00:00\">03:00<\/option><option value=\"03:30:00\">03:30<\/option><option value=\"04:00:00\">04:00<\/option><option value=\"04:30:00\">04:30<\/option><option value=\"05:00:00\">05:00<\/option><option value=\"05:30:00\">05:30<\/option><option value=\"06:00:00\">06:00<\/option><option value=\"06:30:00\">06:30<\/option><option value=\"07:00:00\">07:00<\/option><option value=\"07:30:00\">07:30<\/option><option value=\"08:00:00\">08:00<\/option><option value=\"08:30:00\">08:30<\/option><option value=\"09:00:00\">09:00<\/option><option value=\"09:30:00\">09:30<\/option><option value=\"10:00:00\" selected=\"selected\">10:00<\/option><option value=\"10:30:00\">10:30<\/option><option value=\"11:00:00\">11:00<\/option><option value=\"11:30:00\">11:30<\/option><option value=\"12:00:00\">12:00<\/option><option value=\"12:30:00\">12:30<\/option><option value=\"13:00:00\">13:00<\/option><option value=\"13:30:00\">13:30<\/option><option value=\"14:00:00\">14:00<\/option><option value=\"14:30:00\">14:30<\/option><option value=\"15:00:00\">15:00<\/option><option value=\"15:30:00\">15:30<\/option><option value=\"16:00:00\">16:00<\/option><option value=\"16:30:00\">16:30<\/option><option value=\"17:00:00\">17:00<\/option><option value=\"17:30:00\">17:30<\/option><option value=\"18:00:00\">18:00<\/option><option value=\"18:30:00\">18:30<\/option><option value=\"19:00:00\">19:00<\/option><option value=\"19:30:00\">19:30<\/option><option value=\"20:00:00\">20:00<\/option><option value=\"20:30:00\">20:30<\/option><option value=\"21:00:00\">21:00<\/option><option value=\"21:30:00\">21:30<\/option><option value=\"22:00:00\">22:00<\/option><option value=\"22:30:00\">22:30<\/option><option value=\"23:00:00\">23:00<\/option><option value=\"23:30:00\">23:30<\/option>\t\t\t\t\t\t\t<\/select>\r\n\t\t\t\t\t\t\t<label for=\"return_time\" class=\"filled\">\r\n\t\t\t\t\t\t\t\tOra\t\t\t\t\t\t\t<\/label>\r\n\t\t\t\t\t\t<\/div>\r\n\t\t\t\t\t<\/div>\r\n\t\t\t\t<\/div>\r\n\t\t\t<\/div>\r\n\t\t<\/div>\r\n\t\t<div class=\"row search-details-jd\">\r\n\t\t\t\t\t\t\t<div class=\"col-xs-12 col-sm-6 col-md-4 col-lg-3\">\r\n\t\t\t\t\t<div class=\"form-group\">\r\n\t\t\t\t\t\t<i class=\"fa fa-user absolute mt-4 secondary_color\"><\/i>\r\n\t\t\t\t\t\t<select name=\"driver_age\" class=\"form-control form_title\" id=\"driver_age\" required>\r\n\t\t\t\t\t\t\t<option value=\"\">Selezionare<\/option>\r\n\t\t\t\t\t\t\t<option value=\"20\" >18-20<\/option>\r\n\t\t\t\t\t\t\t<option value=\"21\" >21<\/option>\r\n\t\t\t\t\t\t\t<option value=\"22\" >22<\/option>\r\n\t\t\t\t\t\t\t<option value=\"23\" >23<\/option>\r\n\t\t\t\t\t\t\t<option value=\"24\" >24<\/option>\r\n\t\t\t\t\t\t\t<option value=\"25\" >25<\/option>\r\n\t\t\t\t\t\t\t<option value=\"27\" >26-27<\/option>\r\n\t\t\t\t\t\t\t<option value=\"80\" >28-80<\/option>\r\n\t\t\t\t\t\t<\/select>\r\n\t\t\t\t\t\t<label for=\"driver_age\" class=\"filled\">\r\n\t\t\t\t\t\t\tEt\u00e0 del conducente\t\t\t\t\t\t<\/label>\r\n\t\t\t\t\t<\/div>\r\n\t\t\t\t<\/div>\r\n\t\t\t\t<div class=\"col-xs-12 col-sm-6 col-md-4 col-lg-3\">\r\n\t\t\t\t\t<div class=\"form-group\">\r\n\t\t\t\t\t\t<i class=\"fa fa-ticket-alt absolute mt-4 secondary_color\"><\/i>\r\n\t\t\t\t\t\t<input type=\"text\" name=\"coupon_code\" class=\"form-control form_title pl-7\" value=\"\"\/>\r\n\t\t\t\t\t\t<label for=\"driver_age\" class=\"filled\">\r\n\t\t\t\t\t\t\tCoupon\t\t\t\t\t\t<\/label>\r\n\t\t\t\t\t<\/div>\r\n\t\t\t\t<\/div>\r\n\t\t\t\t\t\t<div class=\"col-xs-12 col-md-4 col-lg-3 float_right search-submit-js\">\r\n\t\t\t\t<input type=\"hidden\" name=\"car_rental_came_from_step1\" value=\"yes\"\/>\r\n\t\t\t\t\t\t\t\t\t<input type=\"submit\" name=\"car_rental_do_search\" value=\"Prenota\" class=\"car-rental-do-search car-rental-do-search-jd search-form-submit button\" onClick=\"ga('send', 'event', 'Car Rental', 'Click', '1. Search for all cars');\" \/>\t\t\t\t\t\t\t<\/div>\r\n\t\t<\/div>\r\n\t<\/div>\r\n<\/form>\r\n<script type=\"text\/javascript\">\r\n    var autoFocus = '1';\r\n    var locationsS2 = '';\r\n    var durationS2 = '1';\r\n    var priceType = '1';\r\n    var returnLocation = '';\r\n    var returnDate = '1';\r\n    var NRS_SELECT_BOOKING_DATE_TEXT = 'Data:';\r\n\r\n    jQuery(document).ready(function () {\r\n        var options = {};\r\n        options.useDatePicker = '1';\r\n        options.unavailableDates = [];\r\n        options.autoFocus = autoFocus;\r\n        options.timeMode = 'regular';\r\n        options.minimumBookingPeriodInseconds = '0';\r\n        options.nrsDateFormat = 'dd\/mm\/yy';\r\n        options.firstDay = '1';\r\n        options.locationsS2 = locationsS2;\r\n        options.filtersS2 = '';\r\n        options.durationS2 = durationS2;\r\n        options.priceType = priceType;\r\n        options.returnLocation = returnLocation;\r\n        options.returnDate = returnDate;\r\n        options.minDate = '0';\r\n        options.existingBookingCodeVisible = '';\r\n        options.couponCodeRequired = '';\r\n        options.pickupLocationRequired = '1';\r\n        options.returnLocationRequired = '1';\r\n        options.pickupDateRequired = '1';\r\n        options.returnDateRequired = '1';\r\n        options.timeFormat = 'H:i';\r\n        options.NRS_SELECT_BOOKING_DATE_TEXT = NRS_SELECT_BOOKING_DATE_TEXT;\r\n        options.NRS_I_HAVE_BOOKING_CODE_TEXT = \"Ho un numero prenotazione:\";\r\n        options.NRS_COUPON_CODE_ALERT_TEXT = \"Please enter coupon code!\";\r\n        options.NRS_PICKUP_LOCATION_ALERT_TEXT = \"Per favore selezione il luogo del ritiro!\";\r\n        options.NRS_RETURN_LOCATION_ALERT_TEXT = \"Per favore selezione il luogo per la riconsegna!\";\r\n        options.NRS_PICKUP_DATE_ALERT_TEXT = \"Per favore inserisci la data di ritiro!\";\r\n        options.NRS_RETURN_DATE_ALERT_TEXT = \"Per favore inserisci la data riconsegna!\";\r\n        options.NRS_BOOKING_PERIOD_ALERT_TEXT = \"Per favore inserisci la data Check Out!\";\r\n        options.NRS_MINUTES_TEXT = \"minuti\";\r\n        options.NRS_HOURS_TEXT = \"orario\";\r\n        options.NRS_ERROR_MINIMUM_NUMBER_OF_NIGHT_SHOULD_NOT_BE_LESS_THAN_TEXT = \"Il numero minimo di notti non deve essere inferiore a\";\r\n        options.NRS_ERROR_PLEASE_MODIFY_YOUR_SEARCH_CRITERIA_TEXT = \"Si prega di modificare i criteri di ricerca.\";\r\n        step1.init(options);\r\n    });    \/\/ Customs\r\n    jQuery('.pickup-location').change(function () {\r\n        var returnLocation = jQuery('.return-location');\r\n        if (returnLocation.val() === '0') {\r\n            returnLocation.val(this.value).trigger('change');\r\n        }\r\n    });\r\n    jQuery(document).ready(function () {\r\n        jQuery('.pickup-date').on('blur', function () {\r\n            setTimeout(function () {\r\n                var pickupParts = jQuery('.pickup-date').val().split(\"\/\");\r\n                var pickupDate = new Date(pickupParts[1] + \"\/\" + pickupParts[0] + \"\/\" + pickupParts[2]);\r\n\r\n                var returnField = jQuery('.return-date');\r\n                var returnParts = returnField.val().split(\"\/\");\r\n                var returnTimestamp = new Date(returnParts[1] + \"\/\" + returnParts[0] + \"\/\" + returnParts[2]).getTime();\r\n\r\n                if (returnTimestamp <= pickupDate.getTime()) {\r\n                    var suggestedReturnTime = new Date(pickupDate.getTime() + (86400 * 3 * 1000));\r\n                    var dd = String(suggestedReturnTime.getDate()).padStart(2, '0');\r\n                    var mm = String(suggestedReturnTime.getMonth() + 1).padStart(2, '0'); \/\/January is 0!\r\n                    var yyyy = suggestedReturnTime.getFullYear();\r\n\r\n                    returnField.val(dd + '\/' + mm + '\/' + yyyy).trigger('change');\r\n                }\r\n            }, 100);\r\n        });\r\n    });\r\n<\/script>[\/vc_column_text][\/vc_column][\/vc_row]<\/p>\r\n<\/div>","protected":false},"excerpt":{"rendered":"[vc_row full_width=&#8221;stretch_row&#8221; full_height=&#8221;yes&#8221; columns_placement=&#8221;top&#8221; css=&#8221;.vc_custom_1714332394740{margin-top: -100px !important;background-image: url(https:\/\/www.autosvalls.com\/wp-content\/uploads\/2024\/04\/header.jpg?id=34800) !important;background-position: center !important;background-repeat: no-repeat !important;background-size: cover !important;}&#8221;][vc_column][vc_row_inner css=&#8221;.vc_custom_1714332456667{margin-top: 100px !important;}&#8221;][vc_column_inner][vc_column_text css=&#8221;&#8221; el_class=&#8221;title-h1&#8243;]Come funziona?[\/vc_column_text][\/vc_column_inner][\/vc_row_inner][\/vc_column][\/vc_row][vc_row full_width=&#8221;stretch_row&#8221; full_height=&#8221;yes&#8221; content_placement=&#8221;middle&#8221; css=&#8221;.vc_custom_1714333584423{background-color: #f9f9f9 !important;}&#8221;][vc_column width=&#8221;1\/2&#8243;][vc_column_text css=&#8221;&#8221;] Passo 1: Inizia la tua avventura! Prenota la tua auto Keyless e scegli quando e dove vuoi andare Con Autos Valls ti offriamo un processo di [&hellip;]","protected":false},"author":3,"featured_media":2260,"parent":0,"menu_order":0,"comment_status":"closed","ping_status":"closed","template":"","meta":{"footnotes":""},"class_list":["post-2256","page","type-page","status-publish","has-post-thumbnail","hentry"],"_links":{"self":[{"href":"https:\/\/www.autosvalls.com\/it\/wp-json\/wp\/v2\/pages\/2256","targetHints":{"allow":["GET"]}}],"collection":[{"href":"https:\/\/www.autosvalls.com\/it\/wp-json\/wp\/v2\/pages"}],"about":[{"href":"https:\/\/www.autosvalls.com\/it\/wp-json\/wp\/v2\/types\/page"}],"author":[{"embeddable":true,"href":"https:\/\/www.autosvalls.com\/it\/wp-json\/wp\/v2\/users\/3"}],"replies":[{"embeddable":true,"href":"https:\/\/www.autosvalls.com\/it\/wp-json\/wp\/v2\/comments?post=2256"}],"version-history":[{"count":6,"href":"https:\/\/www.autosvalls.com\/it\/wp-json\/wp\/v2\/pages\/2256\/revisions"}],"predecessor-version":[{"id":2268,"href":"https:\/\/www.autosvalls.com\/it\/wp-json\/wp\/v2\/pages\/2256\/revisions\/2268"}],"wp:featuredmedia":[{"embeddable":true,"href":"https:\/\/www.autosvalls.com\/it\/wp-json\/wp\/v2\/media\/2260"}],"wp:attachment":[{"href":"https:\/\/www.autosvalls.com\/it\/wp-json\/wp\/v2\/media?parent=2256"}],"curies":[{"name":"wp","href":"https:\/\/api.w.org\/{rel}","templated":true}]}}