{"id":196,"date":"2021-02-03T09:08:53","date_gmt":"2021-02-03T09:08:53","guid":{"rendered":"https:\/\/www.autosvalls.com\/it\/faq-it\/"},"modified":"2026-03-30T15:00:52","modified_gmt":"2026-03-30T13:00:52","slug":"dubbi-e-domande","status":"publish","type":"page","link":"https:\/\/www.autosvalls.com\/it\/dubbi-e-domande\/","title":{"rendered":"FAQ- Domande Frequenti"},"content":{"rendered":"<div class=\"wpb-content-wrapper\">[vc_row][vc_column][vc_column_text]\r\n<div class=\"wpb_text_column wpb_content_element\">\r\n<div class=\"wpb_wrapper\">\r\n<h2 style=\"text-align: center;\"><strong>Domande frequenti su prezzi, assicurazioni, franchigia e cauzione<\/strong><\/h2>\r\n<b data-path-to-node=\"4,0\" data-index-in-node=\"0\">Hai dubbi sul tuo noleggio auto a Minorca?<\/b>\r\nVogliamo che tu prenoti in totale tranquillit\u00e0. Qui rispondiamo alle tue preoccupazioni principali: assicurazioni, franchigie, cauzioni e condizioni, senza scritte in piccolo.\r\n\r\n<\/div>\r\n<\/div>\r\n<div class=\"vc_tta-container\" data-vc-action=\"collapse\">\r\n<h3>? FAQ \u2013 Noleggio auto a Minorca \ud83d\udccd<\/h3>\r\n<\/div>\r\n[\/vc_column_text][vc_tta_accordion active_section=&#8221;&#8221; collapsible_all=&#8221;true&#8221;][vc_tta_section title=&#8221;Quali documenti devo presentare per ritirare l&#8217;auto?&#8221; tab_id=&#8221;faq-1&#8243;][vc_column_text]\r\nDevi presentare la tua carta d&#8217;identit\u00e0 o passaporto fisico, una patente di guida valida nell&#8217;Unione Europea e una carta bancaria (di credito o di debito) per gestire il pagamento e la relativa cauzione.\r\n[\/vc_column_text][\/vc_tta_section][vc_tta_section title=&#8221;Qual \u00e8 l&#8217;et\u00e0 minima per noleggiare?&#8221; tab_id=&#8221;faq-2&#8243;][vc_column_text]\r\nDipende dal veicolo. Per le moto (scooter) l&#8217;et\u00e0 minima \u00e8 19 anni. Per le auto di base (Gruppo B), 21 anni. Per i veicoli di fascia superiore, automatici o elettrici, l&#8217;et\u00e0 sale a 24, 26 o 28 anni a seconda del modello.\r\n[\/vc_column_text][\/vc_tta_section][vc_tta_section title=&#8221;Quanti anni di esperienza di guida sono richiesti?&#8221; tab_id=&#8221;faq-3&#8243;][vc_column_text]\r\nPer le moto richiediamo da 1 a 3 anni di patente (a seconda della cilindrata). Per le auto di base, esigiamo un minimo di 3 anni di anzianit\u00e0 della patente e, per le auto premium, fino a 4 anni di esperienza di guida.\r\n[\/vc_column_text][\/vc_tta_section][vc_tta_section title=&#8221;Un&#8217;altra persona pu\u00f2 guidare l&#8217;auto a noleggio?&#8221; tab_id=&#8221;faq-4&#8243;][vc_column_text]\r\nS\u00ec, puoi aggiungere fino a 2 conducenti aggiuntivi. Il costo \u00e8 di 4,50 \u20ac al giorno per conducente (IVA inclusa), anche se alcune delle nostre tariffe lo includono gratuitamente. Ricorda che solo le persone registrate nel contratto sono autorizzate a guidare.\r\n[\/vc_column_text][\/vc_tta_section][vc_tta_section title=&#8221;Che differenza c&#8217;\u00e8 tra Cauzione, Deposito e Franchigia?&#8221; tab_id=&#8221;faq-5&#8243;][vc_column_text]\r\nA volte vengono confusi, ma non sono la stessa cosa. La <strong>cauzione o deposito<\/strong> \u00e8 un blocco temporaneo di denaro sulla tua carta come garanzia, che ti restituiamo al momento della consegna del veicolo nelle stesse condizioni.\r\nDall&#8217;altra parte, la <strong>franchigia<\/strong> \u00e8 l&#8217;importo massimo che dovresti pagare per i danni in caso di incidente. La chiave \u00e8 che uno \u00e8 il denaro bloccato temporaneamente e l&#8217;altro \u00e8 il tuo limite di responsabilit\u00e0.\r\n[\/vc_column_text][\/vc_tta_section][vc_tta_section title=&#8221;A quanto ammonta la cauzione che devo lasciare?&#8221; tab_id=&#8221;faq-6&#8243;][vc_column_text]\r\nDipender\u00e0 dalla tua tariffa. Se scegli la \u00abTariffa Base\u00bb, bloccheremo una cauzione pari all&#8217;importo della franchigia dell&#8217;auto. Se acquisti la \u00abTariffa Premium\u00bb, la cauzione si riduce drasticamente (tra 150 \u20ac e 400 \u20ac, a seconda del modello), offrendoti molta pi\u00f9 tranquillit\u00e0.\r\n[\/vc_column_text][\/vc_tta_section][vc_tta_section title=&#8221;Quali metodi di pagamento accettate?&#8221; tab_id=&#8221;faq-7&#8243;][vc_column_text]\r\nAccettiamo pagamenti tramite carta di credito, carta di debito o in contanti. Tuttavia, tieni presente che anche se paghi in contanti, avremo sempre bisogno di una carta bancaria valida per poter effettuare il blocco della cauzione.\r\n[\/vc_column_text][\/vc_tta_section][vc_tta_section title=&#8221;Cosa succede se devo cancellare il mio viaggio a Minorca?&#8221; tab_id=&#8221;faq-8&#8243;][vc_column_text]\r\nSe cancelli con pi\u00f9 di 96 ore di anticipo, ti rimborsiamo il denaro trattenendo solo 25 \u20ac per le spese di gestione. Se cancelli con meno di 96 ore, non c&#8217;\u00e8 rimborso (salvo casi di forza maggiore debitamente documentati).\r\n[\/vc_column_text][\/vc_tta_section][vc_tta_section title=&#8221;Mi restituite i soldi se consegno l&#8217;auto in anticipo?&#8221; tab_id=&#8221;faq-9&#8243;][vc_column_text]\r\nNo. Se decidi di restituire il veicolo prima della data stabilita nel tuo contratto, non vengono effettuati rimborsi per i giorni non usufruiti.\r\n[\/vc_column_text][\/vc_tta_section][vc_tta_section title=&#8221;Cosa include l&#8217;Assicurazione di Base (Tariffa Base)?&#8221; tab_id=&#8221;faq-10&#8243;][vc_column_text]\r\nLa nostra tariffa base (CDW) include l&#8217;assicurazione obbligatoria e la Responsabilit\u00e0 Civile verso terzi. Tuttavia, prevede una <strong>franchigia<\/strong>. Ci\u00f2 significa che se l&#8217;auto subisce danni, tu ti assumi il costo della riparazione fino al limite di tale franchigia.\r\n[\/vc_column_text][\/vc_tta_section][vc_tta_section title=&#8221;Come funziona la Copertura Premium (FDW)?&#8221; tab_id=&#8221;faq-11&#8243;][vc_column_text]\r\nSottoscrivendo la Tariffa Premium elimini la franchigia per i danni (funge da assicurazione Kasko) e riduci al minimo l&#8217;importo che blocchiamo come cauzione sulla carta. \u00c8 l&#8217;opzione preferita per viaggiare senza preoccupazioni.\r\n[\/vc_column_text][\/vc_tta_section][vc_tta_section title=&#8221;Ci sono danni che NON copre nessuna assicurazione?&#8221; tab_id=&#8221;faq-12&#8243;][vc_column_text]\r\nS\u00ec, per essere totalmente trasparenti, nessuna assicurazione copre negligenze come:\r\n<ul>\r\n \t<li>Perdita, rottura o chiavi bagnate.<\/li>\r\n \t<li>Danni al sottoscocca, ai cerchioni o agli pneumatici causati dalla guida su strade sterrate o spiagge.<\/li>\r\n \t<li>Errore di rifornimento carburante.<\/li>\r\n \t<li>Furto di effetti personali lasciati all&#8217;interno del veicolo.<\/li>\r\n<\/ul>\r\n[\/vc_column_text][\/vc_tta_section][vc_tta_section title=&#8221;Dove posso ritirare e restituire l&#8217;auto?&#8221; tab_id=&#8221;faq-13&#8243;][vc_column_text]\r\nAbbiamo il nostro ufficio centrale a soli 2 minuti dall&#8217;Aeroporto di Mah\u00f3n MAH (Carrer de Curniola, 32, POIMA, Mah\u00f3n), oltre ad altri 15 uffici distribuiti su tutta l&#8217;isola per la tua massima comodit\u00e0.\r\n[\/vc_column_text][\/vc_tta_section][vc_tta_section title=&#8221;Cosa succede se il mio volo \u00e8 in ritardo?&#8221; tab_id=&#8221;faq-14&#8243;][vc_column_text]\r\nSe ci fornisci il numero del tuo volo al momento della prenotazione, lo monitoriamo e manteniamo la tua prenotazione fino a 2 ore dopo il tuo arrivo. Tuttavia, <strong>\u00e8 fondamentale avvisare l&#8217;ufficio il prima possibile<\/strong> chiamando il +34 971 57 37 40 per evitare che la prenotazione venga cancellata come \u00abno-show\u00bb.\r\nGeneralmente non ci sono supplementi per ritirare l&#8217;auto in ritardo a causa di un volo, purch\u00e9 sia stato comunicato. Se non avvisi, la prenotazione potrebbe essere cancellata senza diritto a rimborso trascorso il periodo di attesa.\r\n[\/vc_column_text][\/vc_tta_section][vc_tta_section title=&#8221;Consegnate auto di notte o all&#8217;alba?&#8221; tab_id=&#8221;faq-15&#8243;][vc_column_text]\r\nS\u00ec, nel nostro ufficio dell&#8217;Aeroporto (POIMA) effettuiamo consegne fuori orario (dalle 22:00 alle 00:00) con un supplemento notturno di 35 \u20ac. Il limite massimo assoluto di attesa \u00e8 la mezzanotte (00:00).\r\n[\/vc_column_text][\/vc_tta_section][vc_tta_section title=&#8221;Cosa succede se sono in ritardo per restituire l&#8217;auto l&#8217;ultimo giorno?&#8221; tab_id=&#8221;faq-16&#8243;][vc_column_text]\r\nTi diamo un margine di cortesia di 15 minuti oltre l&#8217;orario stabilito nel tuo contratto. Se superi questo tempo, il sistema addebiter\u00e0 automaticamente un giorno extra di noleggio.\r\n[\/vc_column_text][\/vc_tta_section][vc_tta_section title=&#8221;Posso prolungare il mio noleggio una volta a Minorca?&#8221; tab_id=&#8221;faq-17&#8243;][vc_column_text]\r\nS\u00ec, ma devi avvisarci prima della scadenza del tuo contratto e ottenere la nostra autorizzazione scritta, pagando i giorni extra in quel momento. La cauzione trattenuta non serve per pagare i prolungamenti.\r\n[\/vc_column_text][\/vc_tta_section][vc_tta_section title=&#8221;Che politica sul carburante applicate?&#8221; tab_id=&#8221;faq-18&#8243;][vc_column_text]\r\nMolto semplice: lo restituisci esattamente con lo stesso livello con cui te l&#8217;abbiamo consegnato (pieno\/pieno, met\u00e0\/met\u00e0, ecc.). Se manca carburante, ti addebiteremo i litri mancanti pi\u00f9 un costo aggiuntivo per il servizio di rifornimento.\r\n[\/vc_column_text][\/vc_tta_section][vc_tta_section title=&#8221;E se noleggio un&#8217;auto elettrica?&#8221; tab_id=&#8221;faq-19&#8243;][vc_column_text]\r\nFunziona allo stesso modo: devi restituirla con la stessa percentuale di batteria. Se manca carica, viene fatturata la percentuale mancante pi\u00f9 una tariffa di ricarica. Tieni presente che la perdita o il danno del cavo di ricarica verr\u00e0 fatturato secondo la tariffa ufficiale del marchio.\r\n[\/vc_column_text][\/vc_tta_section][vc_tta_section title=&#8221;Posso portare l&#8217;auto sul traghetto verso un&#8217;altra isola?&#8221; tab_id=&#8221;faq-20&#8243;][vc_column_text]\r\n<strong>No.<\/strong> Salvo espressa autorizzazione scritta da parte di Autos Valls, \u00e8 severamente vietato. Se porti l&#8217;auto fuori da Minorca, l&#8217;assicurazione sar\u00e0 invalidata e ti assumerai tutti i costi generati, compreso il rimpatrio del veicolo.\r\n[\/vc_column_text][\/vc_tta_section][vc_tta_section title=&#8221;Posso guidare su strade sterrate per raggiungere calette incontaminate?&#8221; tab_id=&#8221;faq-21&#8243;][vc_column_text]\r\n<strong>No.<\/strong> Guidare su strade non asfaltate, spiagge o strade rurali \u00e8 assolutamente vietato. Le nostre auto sono esclusivamente per strade asfaltate. Nessuna compagnia assicurativa copre i danni su strade non pavimentate, perci\u00f2 qualsiasi danno al sottoscocca dovuto alla violazione di questa regola \u00e8 interamente a carico del conducente.\r\n[\/vc_column_text][\/vc_tta_section][vc_tta_section title=&#8221;Posso fumare o portare il mio animale domestico in auto?&#8221; tab_id=&#8221;faq-22&#8243;][vc_column_text]\r\nNon \u00e8 permesso fumare n\u00e9 trasportare animali nei nostri veicoli per poter garantire l&#8217;igiene ai clienti successivi.\r\n[\/vc_column_text][\/vc_tta_section][vc_tta_section title=&#8221;Cosa succede se foro una gomma in mezzo all&#8217;isola?&#8221; tab_id=&#8221;faq-23&#8243;][vc_column_text]\r\nL&#8217;assistenza stradale per guasto meccanico \u00e8 inclusa, ma <strong>non include le forature<\/strong>. In tal caso, dovrai cambiare la ruota tu stesso o sostenere il costo dell&#8217;assistenza del carro attrezzi secondo la tariffa in vigore.\r\n[\/vc_column_text][\/vc_tta_section][vc_tta_section title=&#8221;Cosa faccio se ho un piccolo urto o un incidente?&#8221; tab_id=&#8221;faq-24&#8243;][vc_column_text]\r\nDevi compilare la Constatazione Amichevole d&#8217;Incidente ed effettuare la denuncia, consegnando il tutto entro un massimo di 48 ore. Se l&#8217;altro conducente si rifiuta di firmare o non c&#8217;\u00e8 accordo, \u00e8 obbligatorio chiamare la polizia affinch\u00e9 rediga un verbale.\r\n[\/vc_column_text][\/vc_tta_section][vc_tta_section title=&#8221;Cosa succede se perdo o si bagnano le chiavi?&#8221; tab_id=&#8221;faq-25&#8243;][vc_column_text]\r\nLa perdita, rottura o il bagnarsi delle chiavi non \u00e8 coperto da nessuna assicurazione. Dovrai pagare il costo della nuova chiave (varia in base al modello), la ricodifica e, se necessario, lo spostamento del nostro team per portarti una copia a titolo di soccorso.\r\n[\/vc_column_text][\/vc_tta_section][vc_tta_section title=&#8221;Mi addebitate qualcosa se prendo una multa per parcheggio o eccesso di velocit\u00e0?&#8221; tab_id=&#8221;faq-26&#8243;][vc_column_text]\r\nSe riceviamo una sanzione stradale a tuo nome, applichiamo una commissione di 30 \u20ac per le pratiche amministrative di identificazione presso le autorit\u00e0. Questa commissione non include l&#8217;importo della multa, che rimane una tua responsabilit\u00e0.\r\n[\/vc_column_text][\/vc_tta_section][vc_tta_section title=&#8221;Devo lavare l&#8217;auto all&#8217;esterno prima di restituirla?&#8221; tab_id=&#8221;faq-27&#8243;][vc_column_text]\r\nNon \u00e8 obbligatorio lavare l&#8217;auto fuori se l&#8217;uso \u00e8 stato normale, ma \u00e8 consigliabile darle una sciacquata se \u00e8 molto sporca o infangata per evitare costi extra. Deve essere restituita in uno stato presentabile, simile a come \u00e8 stata ricevuta.\r\nTuttavia, se la restituisci con sporco estremo (molta sabbia, tappezzeria bagnata, odore di fumo o macchie di resina degli alberi), dovremo applicare un costo extra per la pulizia speciale compreso tra 50 \u20ac e 150 \u20ac.\r\n[\/vc_column_text][\/vc_tta_section][vc_tta_section title=&#8221;Cosa succede se mi rubano l&#8217;auto?&#8221; tab_id=&#8221;faq-28&#8243;][vc_column_text]\r\nLe nostre assicurazioni ti esonerano dalla responsabilit\u00e0 per furto (totale o parziale) a partire dalla franchigia, ma \u00e8 indispensabile che ci consegni le chiavi originali dell&#8217;auto non manomesse e la denuncia ufficiale della polizia.\r\n[\/vc_column_text][\/vc_tta_section][vc_tta_section title=&#8221;Avete accessori come seggiolini per bambini o rialzi?&#8221; tab_id=&#8221;faq-29&#8243;][vc_column_text]\r\nS\u00ec, disponiamo di accessori extra che puoi aggiungere durante il processo di prenotazione online. Ti consigliamo di richiederli in anticipo per garantirne la disponibilit\u00e0.\r\n[\/vc_column_text][\/vc_tta_section][vc_tta_section title=&#8221;Perch\u00e9 prenotare in anticipo?&#8221; tab_id=&#8221;faq-30&#8243;][vc_column_text]\r\nMinorca \u00e8 un&#8217;isola con una flotta di veicoli limitata che si esaurisce rapidamente in estate. Prenotare con settimane (o mesi) di anticipo in alta stagione ti garantisce la disponibilit\u00e0, la possibilit\u00e0 di scegliere il modello pi\u00f9 adatto a te e, naturalmente, di accedere a tariffe molto pi\u00f9 economiche.\r\n[\/vc_column_text][\/vc_tta_section][\/vc_tta_accordion][\/vc_column][\/vc_row]<\/div>","protected":false},"excerpt":{"rendered":"[vc_row][vc_column][vc_column_text] Domande frequenti su prezzi, assicurazioni, franchigia e cauzione Hai dubbi sul tuo noleggio auto a Minorca? Vogliamo che tu prenoti in totale tranquillit\u00e0. Qui rispondiamo alle tue preoccupazioni principali: assicurazioni, franchigie, cauzioni e condizioni, senza scritte in piccolo. ? FAQ \u2013 Noleggio auto a Minorca \ud83d\udccd [\/vc_column_text][vc_tta_accordion active_section=&#8221;&#8221; collapsible_all=&#8221;true&#8221;][vc_tta_section title=&#8221;Quali documenti devo presentare per [&hellip;]","protected":false},"author":6,"featured_media":2289,"parent":0,"menu_order":0,"comment_status":"closed","ping_status":"closed","template":"","meta":{"footnotes":""},"class_list":["post-196","page","type-page","status-publish","has-post-thumbnail","hentry"],"_links":{"self":[{"href":"https:\/\/www.autosvalls.com\/it\/wp-json\/wp\/v2\/pages\/196","targetHints":{"allow":["GET"]}}],"collection":[{"href":"https:\/\/www.autosvalls.com\/it\/wp-json\/wp\/v2\/pages"}],"about":[{"href":"https:\/\/www.autosvalls.com\/it\/wp-json\/wp\/v2\/types\/page"}],"author":[{"embeddable":true,"href":"https:\/\/www.autosvalls.com\/it\/wp-json\/wp\/v2\/users\/6"}],"replies":[{"embeddable":true,"href":"https:\/\/www.autosvalls.com\/it\/wp-json\/wp\/v2\/comments?post=196"}],"version-history":[{"count":23,"href":"https:\/\/www.autosvalls.com\/it\/wp-json\/wp\/v2\/pages\/196\/revisions"}],"predecessor-version":[{"id":2304,"href":"https:\/\/www.autosvalls.com\/it\/wp-json\/wp\/v2\/pages\/196\/revisions\/2304"}],"wp:featuredmedia":[{"embeddable":true,"href":"https:\/\/www.autosvalls.com\/it\/wp-json\/wp\/v2\/media\/2289"}],"wp:attachment":[{"href":"https:\/\/www.autosvalls.com\/it\/wp-json\/wp\/v2\/media?parent=196"}],"curies":[{"name":"wp","href":"https:\/\/api.w.org\/{rel}","templated":true}]}}