{"id":193,"date":"2021-02-03T09:25:06","date_gmt":"2021-02-03T09:25:06","guid":{"rendered":"https:\/\/www.autosvalls.com\/it\/politica-sulla-privacy-e-protezione-dei-dati\/"},"modified":"2023-06-21T09:07:16","modified_gmt":"2023-06-21T07:07:16","slug":"politica-sulla-privacy-e-protezione-dei-dati","status":"publish","type":"page","link":"https:\/\/www.autosvalls.com\/it\/politica-sulla-privacy-e-protezione-dei-dati\/","title":{"rendered":"Politica sulla privacy e protezione dei dati"},"content":{"rendered":"\r\n<ol class=\"wp-block-list\">\r\n<li><strong>Auto Punta Prima SL<\/strong> informa gli utenti che rispetta la normativa vigente in materia di protezione dei dati personali, privacy degli utenti e segretezza e sicurezza dei dati personali, adottando le misure tecniche e organizzative necessarie per prevenire la perdita, l&#8217;abuso, l&#8217;alterazione, l&#8217;accesso non autorizzato e il furto dei dati personali forniti, tenendo conto dello stato della tecnologia, della natura dei dati e dei rischi a cui sono esposti.<\/li>\r\n<li>I servizi, l&#8217;accesso ai contenuti e le offerte di prodotti su questo sito web sono esclusivamente rivolti a persone di et\u00e0 superiore ai 18 anni, quindi chiunque fornisca i propri dati personali, dichiara di essere di tale et\u00e0, essendo vietato l&#8217;uso di www.autosvalls.com e il conferimento di dati personali a minori.<\/li>\r\n<li><strong>Auto Punta Prima SL<\/strong> tratter\u00e0 i dati in conformit\u00e0 con i principi di qualit\u00e0 richiesti dalla Legge Organica 15\/1999, del 13 dicembre, sulla protezione dei dati (LOPD), in modo confidenziale e con le misure di sicurezza richieste dal regio decreto 1720\/2007, del 21 dicembre, che approva il Regolamento per lo sviluppo della Legge Organica 15\/1999, del 13 dicembre, sulla protezione dei dati personali.<\/li>\r\n<li>I dati personali forniti nella sezione &#8220;contatti&#8221; o prenotazione del veicolo del Web, verranno registrati in un file di <strong>Auto Punta Prima SL <\/strong>debitamente dichiarato e registrato nel Registro generale dell&#8217;Agenzia spagnola per la protezione dei dati, al fine di eseguire la fornitura dei servizi offerti, nonch\u00e9 di offrire prodotti e servizi personalizzati, migliorare il rapporto commerciale e gestire le richieste fatte per i nostri clienti.<\/li>\r\n<li>Il semplice fatto di inviare a un utente i propri dati personali<strong> Auto Punta Prima SL<\/strong> significher\u00e0 il consenso per la sua incorporazione nel file e il suo trattamento.<\/li>\r\n<li>I campi in cui compare un asterisco * nei moduli esistenti sono quelli che richiedono una risposta obbligatoria e se non fosse coperto, la conseguenza sarebbe impossibile inviare la richiesta o completare la prenotazione.<\/li>\r\n<li>L&#8217;utente pu\u00f2 revocare il consenso prestato, senza avere effetti retroattivi, ed esercitare i diritti di accesso, rettifica, cancellazione e opposizione inviando una lettera allegando il proprio documento di identit\u00e0 o altro documento di riconoscimento a<strong> Auto Punta Prima SL<\/strong> Plaza de Espa\u00f1a 13, 07702 Mah\u00f3n Menorca (Spagna). <\/li>\r\n<li>L&#8217;utente garantisce che i dati personali forniti a<strong> Auto Punta Prima SL<\/strong> Sono sinceri e sei responsabile di comunicare loro eventuali modifiche in modo che, in ogni momento, rispondano alla tua situazione attuale.<\/li>\r\n<li>Uso di &#8220;cookies&#8221;. Il processo di navigazione di un utente in www.autosvalls.com, come in qualsiasi altro sito web, lascia in traccia l&#8217;indirizzo IP che in quella sessione gli \u00e8 stato assegnato dal provider di accesso. La registrazione di detto indirizzo IP ha esclusivamente finalit\u00e0 interne, come le statistiche di accesso a questo sito web. L&#8217;indirizzo IP dello stesso utente \u00e8 diverso da una connessione Internet all&#8217;altra, quindi non \u00e8 possibile dedurre alcuna &#8220;abitudine&#8221; di navigare tra le pagine<strong> Auto Punta Prima SL<\/strong> da un determinato utente. I cookie utilizzati non possono leggere i file cookie creati da altri fornitori o siti web. L&#8217;utente ha la possibilit\u00e0 di configurare il proprio browser per essere avvisato sullo schermo della ricezione dei cookie sul proprio disco rigido. Si prega di consultare le istruzioni e i manuali del proprio browser per espandere queste informazioni. Per utilizzare il sito web www.autosvalls.com non \u00e8 necessario che l&#8217;utente permetta l&#8217;installazione dei cookie inviati da<strong> Auto Punta Prima SL<\/strong><br \/>Finch\u00e9 non hai attivato l&#8217;opzione che impedisce l&#8217;installazione dei cookie sul tuo disco rigido, puoi esplorare il tuo disco rigido seguendo il manuale di istruzioni e l&#8217;aiuto del sistema operativo (normalmente, nei sistemi operativi Windows dovresti consultare la cartella &#8221; C &#8220;o il corrispondente disco rigido \/ Windows \/ cookie&#8221;) per saperne di pi\u00f9 su ciascun server da cui vengono inviati i cookie.<\/li>\r\n<li>Se hai domande o commenti sul modo<strong> Auto Punta Prima SL<\/strong> utilizza i dati dei propri utenti, scrivici a<strong> Auto Punta Prima SL<\/strong> &#8211; Plaza de Espa\u00f1a 13, 07702 Mah\u00f3n Menorca Spagna.<\/li>\r\n<\/ol>\r\n\r\n\r\n\r\n<p><strong>Auto Punta Prima SL<\/strong><br \/>Sede legale in Plaza de Espa\u00f1a 13, 07702 Mah\u00f3n Menorca (Spagna), iscritta nel Registro Mercantile di Minorca, al volume 33, foglio 213, pagina n. IM-1748 e CIF B07768369.<\/p>\r\n\r\n\r\n\r\n<p><a href=\"https:\/\/www.autosvalls.com\/it\/affitto\/termini-e-condizioni-di-noleggio\/\"><strong>Termini e condizioni di noleggio<\/strong><\/a><\/p>\r\n","protected":false},"excerpt":{"rendered":"Auto Punta Prima SL informa gli utenti che rispetta la normativa vigente in materia di protezione dei dati personali, privacy degli utenti e segretezza e sicurezza dei dati personali, adottando le misure tecniche e organizzative necessarie per prevenire la perdita, l&#8217;abuso, l&#8217;alterazione, l&#8217;accesso non autorizzato e il furto dei dati personali forniti, tenendo conto dello [&hellip;]","protected":false},"author":6,"featured_media":0,"parent":0,"menu_order":0,"comment_status":"closed","ping_status":"closed","template":"","meta":{"footnotes":""},"class_list":["post-193","page","type-page","status-publish","hentry"],"_links":{"self":[{"href":"https:\/\/www.autosvalls.com\/it\/wp-json\/wp\/v2\/pages\/193","targetHints":{"allow":["GET"]}}],"collection":[{"href":"https:\/\/www.autosvalls.com\/it\/wp-json\/wp\/v2\/pages"}],"about":[{"href":"https:\/\/www.autosvalls.com\/it\/wp-json\/wp\/v2\/types\/page"}],"author":[{"embeddable":true,"href":"https:\/\/www.autosvalls.com\/it\/wp-json\/wp\/v2\/users\/6"}],"replies":[{"embeddable":true,"href":"https:\/\/www.autosvalls.com\/it\/wp-json\/wp\/v2\/comments?post=193"}],"version-history":[{"count":2,"href":"https:\/\/www.autosvalls.com\/it\/wp-json\/wp\/v2\/pages\/193\/revisions"}],"predecessor-version":[{"id":2002,"href":"https:\/\/www.autosvalls.com\/it\/wp-json\/wp\/v2\/pages\/193\/revisions\/2002"}],"wp:attachment":[{"href":"https:\/\/www.autosvalls.com\/it\/wp-json\/wp\/v2\/media?parent=193"}],"curies":[{"name":"wp","href":"https:\/\/api.w.org\/{rel}","templated":true}]}}