{"id":191,"date":"2021-02-03T09:31:56","date_gmt":"2021-02-03T09:31:56","guid":{"rendered":"https:\/\/www.autosvalls.com\/it\/chi-siamo\/"},"modified":"2023-06-21T08:59:52","modified_gmt":"2023-06-21T06:59:52","slug":"chi-siamo","status":"publish","type":"page","link":"https:\/\/www.autosvalls.com\/it\/chi-siamo\/","title":{"rendered":"Chi Siamo"},"content":{"rendered":"<div class=\"wpb-content-wrapper\">[vc_row equal_height=&#8221;yes&#8221; content_placement=&#8221;middle&#8221;][vc_column width=&#8221;1\/2&#8243;][vc_single_image image=&#8221;430&#8243; img_size=&#8221;450\u200a\u00d7\u200a408&#8243; alignment=&#8221;center&#8221;][\/vc_column][vc_column width=&#8221;1\/2&#8243; css=&#8221;.vc_custom_1611446513519{margin-bottom: 32px !important;padding-top: 0px !important;}&#8221;][vc_column_text css=&#8221;.vc_custom_1623479423614{margin-bottom: 50px !important;padding-top: 32px !important;}&#8221;]\r\n<div class=\"big bold sc-c\">Pi\u00f9 di 40 anni di noleggio auto a Minorca<\/div>\r\n<span class=\"med grey\">Garantiamo totale chiarezza nei termini e condizioni del noleggio. Puoi controllare la nostra polizza carburante, franchigie e depositi, copertura assicurativa, condizioni d&#8217;uso, polizza carburante, ecc. in &#8220;Condizioni generali di prenotazione&#8221;. Se hai ancora dubbi e vuoi essere assistito da un operatore puoi contattarci tramite<strong> telefono al 971 57 37 40<\/strong> Oppure e-mail.<\/span>\r\n<div class=\"big bold sc-c\"><strong>Nessuna sorpresa al ritiro dell&#8217;auto o della moto<\/strong><\/div>\r\n<span class=\"med grey\">I prezzi che appaiono sul nostro sito web sono definitivi, senza costi aggiuntivi, senza costi nascosti o pagamenti anticipati per il carburante. La nostra tariffa include Assicurazione Responsabilit\u00e0 Civile e Volontaria fino a \u20ac 50.000.000, Assicurazione Occupante, Copertura Furto, Soccorso Stradale, Chilometraggio Illimitato, Full Fuel &#8211; Full, Zero Costi per il Rifornimento, Tasse. Offriamo anche la possibilit\u00e0 di stipulare un&#8217;assicurazione Premium senza franchigia per goderti le tue vacanze in totale tranquillit\u00e0.<\/span>\r\n<div class=\"big bold sc-c\">Vantaggi del noleggio della tua auto con Autos Valls Rent a Car<\/div>\r\n<span class=\"med grey\">Puoi goderti il tuo veicolo a noleggio a un prezzo molto conveniente, noleggiando con una compagnia locale al 100% e potendo muoverti liberamente per l&#8217;isola. Non siamo un&#8217;agenzia o un broker. Risparmia le commissioni e prenota direttamente con noi<strong> Non ci applichiamo<\/strong><b> addebiti per cambio o modifica della prenotazione<\/b> attraverso commissioni elevate.<\/span>[\/vc_column_text][\/vc_column][\/vc_row][vc_row full_width=&#8221;stretch_row&#8221; el_class=&#8221;primary_color_background box_shadow&#8221; css=&#8221;.vc_custom_1551678287611{padding-top: 64px !important;padding-right: 15px !important;padding-bottom: 64px !important;padding-left: 15px !important;}&#8221;][vc_column width=&#8221;1\/2&#8243; css=&#8221;.vc_custom_1551678127245{padding-top: 16px !important;padding-bottom: 16px !important;}&#8221; offset=&#8221;vc_col-lg-3 vc_col-md-3&#8243;][vc_row_inner][vc_column_inner width=&#8221;1\/4&#8243;][vc_icon icon_fontawesome=&#8221;fa fa-heart&#8221; color=&#8221;secondary_color&#8221; size=&#8221;lg&#8221; align=&#8221;center&#8221; css_animation=&#8221;flipInX&#8221; css=&#8221;.vc_custom_1551678384251{margin-bottom: 10px !important;}&#8221;][\/vc_column_inner][vc_column_inner width=&#8221;3\/4&#8243;]<div><div class=\"stat_counter_wrapper white\"><div id=\"wpcr-counter475175\" class=\"stat_counter default\" data-count_to=\"13329\">-<\/div><div class=\"stat_title\">Clienti soddisfatti<\/div><\/div><\/div>[\/vc_column_inner][\/vc_row_inner][\/vc_column][vc_column width=&#8221;1\/2&#8243; css=&#8221;.vc_custom_1551678132917{padding-top: 16px !important;padding-bottom: 16px !important;}&#8221; offset=&#8221;vc_col-lg-3 vc_col-md-3&#8243;][vc_row_inner][vc_column_inner width=&#8221;1\/4&#8243;][vc_icon icon_fontawesome=&#8221;fas fa-car&#8221; color=&#8221;secondary_color&#8221; size=&#8221;lg&#8221; align=&#8221;center&#8221; css_animation=&#8221;flipInX&#8221; css=&#8221;.vc_custom_1605391932248{margin-bottom: 10px !important;}&#8221;][\/vc_column_inner][vc_column_inner width=&#8221;3\/4&#8243;]<div><div class=\"stat_counter_wrapper white\"><div id=\"wpcr-counter923848\" class=\"stat_counter default\" data-count_to=\"12688\">-<\/div><div class=\"stat_title\">Totale auto noleggiate<\/div><\/div><\/div>[\/vc_column_inner][\/vc_row_inner][\/vc_column][vc_column width=&#8221;1\/2&#8243; css=&#8221;.vc_custom_1551678141723{padding-top: 16px !important;padding-bottom: 16px !important;}&#8221; offset=&#8221;vc_col-lg-3 vc_col-md-3&#8243;][vc_row_inner][vc_column_inner width=&#8221;1\/4&#8243;][vc_icon icon_fontawesome=&#8221;fa fa-map-marker&#8221; color=&#8221;secondary_color&#8221; size=&#8221;lg&#8221; align=&#8221;center&#8221; css_animation=&#8221;flipInX&#8221; css=&#8221;.vc_custom_1551678393392{margin-bottom: 10px !important;}&#8221;][\/vc_column_inner][vc_column_inner width=&#8221;3\/4&#8243;]<div><div class=\"stat_counter_wrapper white\"><div id=\"wpcr-counter81715\" class=\"stat_counter default\" data-count_to=\"16\">-<\/div><div class=\"stat_title\">Filiali aperte<\/div><\/div><\/div>[\/vc_column_inner][\/vc_row_inner][\/vc_column][vc_column width=&#8221;1\/2&#8243; css=&#8221;.vc_custom_1551678146263{padding-top: 16px !important;padding-bottom: 16px !important;}&#8221; offset=&#8221;vc_col-lg-3 vc_col-md-3&#8243;][vc_row_inner][vc_column_inner width=&#8221;1\/4&#8243;][vc_icon icon_fontawesome=&#8221;fa fa-calendar-check-o&#8221; color=&#8221;secondary_color&#8221; size=&#8221;lg&#8221; align=&#8221;center&#8221; css_animation=&#8221;flipInX&#8221; css=&#8221;.vc_custom_1551678398341{margin-bottom: 10px !important;}&#8221;][\/vc_column_inner][vc_column_inner width=&#8221;3\/4&#8243;]<div><div class=\"stat_counter_wrapper white\"><div id=\"wpcr-counter581950\" class=\"stat_counter default\" data-count_to=\"21029\">-<\/div><div class=\"stat_title\">Prenotazioni fatte<\/div><\/div><\/div>[\/vc_column_inner][\/vc_row_inner][\/vc_column][\/vc_row][vc_row css=&#8221;.vc_custom_1549260584699{padding-top: 64px !important;padding-bottom: 64px !important;}&#8221;][vc_column]<div class=\"fancy-title align_center\"><h2 class=\"vc_underline_title vc_title black\">Valori aziendali<\/h2><div class=\"vc_underline secondary_color_background\"><\/div><\/div>[vc_column_text el_class=&#8221;align_center&#8221;]<strong>Impegno, Responsabilit\u00e0, Coinvolgimento, Atteggiamento positivo, Adattabilit\u00e0<\/strong>[\/vc_column_text][vc_column_text el_class=&#8221;align_center&#8221;]&#8221;I piccoli dettagli sono ci\u00f2 che ci fa la differenza&#8221;[\/vc_column_text][vc_row_inner css=&#8221;.vc_custom_1549250696928{margin-top: 64px !important;}&#8221;][vc_column_inner width=&#8221;1\/3&#8243;][vc_icon icon_fontawesome=&#8221;fa fa-star&#8221; color=&#8221;primary_color&#8221; size=&#8221;xl&#8221; align=&#8221;center&#8221;][vc_column_text el_class=&#8221;align_center&#8221;]\r\n<h4 class=\"secondary_color\">Pi\u00f9 di 40 anni di noleggio auto<\/h4>\r\nOgni anno rinnoviamo la nostra flotta per offrire maggiore sicurezza e qualit\u00e0 nel noleggio e insieme a questo offriamo un servizio clienti personalizzato, questa \u00e8 la nostra pi\u00f9 grande caratteristica in azienda. In questo modo, l&#8217;azienda ha saputo generare la fiducia dei suoi clienti abituali, attrarre nuovi clienti e, quindi, consolidarsi nel mercato.[\/vc_column_text][\/vc_column_inner][vc_column_inner width=&#8221;1\/3&#8243;][vc_icon icon_fontawesome=&#8221;fa fa-wrench&#8221; color=&#8221;primary_color&#8221; size=&#8221;xl&#8221; align=&#8221;center&#8221;][vc_column_text el_class=&#8221;align_center&#8221;]\r\n<h4 class=\"secondary_color\">ASSISTENZA STRADALE<\/h4>\r\nTutte le nostre auto e moto includono l&#8217;assicurazione del soccorso stradale inclusa nel prezzo.[\/vc_column_text][\/vc_column_inner][vc_column_inner width=&#8221;1\/3&#8243;][vc_icon icon_fontawesome=&#8221;fa fa-ticket&#8221; color=&#8221;primary_color&#8221; size=&#8221;xl&#8221; align=&#8221;center&#8221;][vc_column_text el_class=&#8221;align_center&#8221;]\r\n<h4 class=\"secondary_color\">Prezzi All Inclusive<\/h4>\r\nLe nostre tariffe sono all inclusive e comprendono noleggio, assicurazione, IVA 21% e servizio gratuito di minibus per la consegna e il ritorno all&#8217;aeroporto di Mahon &#8211; Minorca.[\/vc_column_text][\/vc_column_inner][\/vc_row_inner][\/vc_column][\/vc_row]<\/div>","protected":false},"excerpt":{"rendered":"[vc_row equal_height=&#8221;yes&#8221; content_placement=&#8221;middle&#8221;][vc_column width=&#8221;1\/2&#8243;][vc_single_image image=&#8221;430&#8243; img_size=&#8221;450\u200a\u00d7\u200a408&#8243; alignment=&#8221;center&#8221;][\/vc_column][vc_column width=&#8221;1\/2&#8243; css=&#8221;.vc_custom_1611446513519{margin-bottom: 32px !important;padding-top: 0px !important;}&#8221;][vc_column_text css=&#8221;.vc_custom_1623479423614{margin-bottom: 50px !important;padding-top: 32px !important;}&#8221;] Pi\u00f9 di 40 anni di noleggio auto a Minorca Garantiamo totale chiarezza nei termini e condizioni del noleggio. Puoi controllare la nostra polizza carburante, franchigie e depositi, copertura assicurativa, condizioni d&#8217;uso, polizza carburante, ecc. in &#8220;Condizioni generali [&hellip;]","protected":false},"author":6,"featured_media":0,"parent":0,"menu_order":0,"comment_status":"closed","ping_status":"closed","template":"homepage.php","meta":{"footnotes":""},"class_list":["post-191","page","type-page","status-publish","hentry"],"_links":{"self":[{"href":"https:\/\/www.autosvalls.com\/it\/wp-json\/wp\/v2\/pages\/191","targetHints":{"allow":["GET"]}}],"collection":[{"href":"https:\/\/www.autosvalls.com\/it\/wp-json\/wp\/v2\/pages"}],"about":[{"href":"https:\/\/www.autosvalls.com\/it\/wp-json\/wp\/v2\/types\/page"}],"author":[{"embeddable":true,"href":"https:\/\/www.autosvalls.com\/it\/wp-json\/wp\/v2\/users\/6"}],"replies":[{"embeddable":true,"href":"https:\/\/www.autosvalls.com\/it\/wp-json\/wp\/v2\/comments?post=191"}],"version-history":[{"count":2,"href":"https:\/\/www.autosvalls.com\/it\/wp-json\/wp\/v2\/pages\/191\/revisions"}],"predecessor-version":[{"id":1996,"href":"https:\/\/www.autosvalls.com\/it\/wp-json\/wp\/v2\/pages\/191\/revisions\/1996"}],"wp:attachment":[{"href":"https:\/\/www.autosvalls.com\/it\/wp-json\/wp\/v2\/media?parent=191"}],"curies":[{"name":"wp","href":"https:\/\/api.w.org\/{rel}","templated":true}]}}